{"id":69,"date":"2014-05-30T12:39:03","date_gmt":"2014-05-30T12:39:03","guid":{"rendered":"http:\/\/pixelgrade.com\/demos\/rosa2\/?page_id=69"},"modified":"2026-01-14T00:57:21","modified_gmt":"2026-01-14T00:57:21","slug":"buffetbar","status":"publish","type":"page","link":"https:\/\/becodoalemao.com.br\/?page_id=69","title":{"rendered":"Buffet"},"content":{"rendered":"<div class=\"pixcode  pixcode--grid  grid  \">\n\n\n\n<div class=\"grid__item six-twelfths palm-one-whole \">\n\n<p>O Restaurante Beco do Alem\u00e3o \u00e9 conhecido por sua variedade e qualidade dos pratos, em seu buffet a quilo s\u00e3o encontradas diversas op\u00e7\u00f5es de saladas e pratos quentes. No hor\u00e1rio de almo\u00e7o, os clientes disp\u00f5em tamb\u00e9m de pratos especiais sugeridos por nosso chef.<\/p>\n<p>Al\u00e9m destas op\u00e7\u00f5es, o restaurante tamb\u00e9m oferece churrasco, comida japonesa, massas e saladas personalizadas. Outro destaque s\u00e3o as deliciosas op\u00e7\u00f5es de sobremesas, tamb\u00e9m dispon\u00edveis a peso. Sorvetes, doces t\u00edpicos, mousses e tortas de dar \u00e1gua na boca! Voc\u00ea n\u00e3o vai resistir!<\/p>\n<p>Segunda: Comida \u00e1rabe \/ Ter\u00e7a: Buffet variado \/ Quarta: Frutos do mar \/ Quinta: Comida mineira \/ Sexta: Bacalhau \/ S\u00e1bado: Feijoada \/ Domingo: Cozido<\/p>\n<p>Hor\u00e1rio de Funcionamento:&nbsp;Segunda \u00e0 s\u00e1bado, das 11:30h \u00e0s 23:00h e Domingo&nbsp;das 11:30h \u00e0s 18:00h<\/p>\n\n\n\n<div style=\"height:30px\" aria-hidden=\"true\" class=\"wp-block-spacer\"><\/div>\n\n\n<p>Pre\u00e7os (100 gramas):<\/p>\n<p>&#8211; Almo\u00e7o e Jantar (Segunda \u00e0 sexta-feira): &nbsp;R$ 11,99<\/p>\n<p>&#8211; S\u00e1bados, domingos e feriados: &nbsp;R$ 13,79<\/p>\n<p>&#8211; Sobremesas: R$11,99<\/p>\n<p>&#8211; Comida Japonesa : &nbsp;R$ 15,90<\/p>\n<p>\u2013 Japonesa s\u00e1bados, domingos e feriados: R$15,90<\/p>\n<p>&#8211; Grelhados e pescados: 16,99<\/p>\n\n<\/div>\n\n\n\n\n<div class=\"grid__item six-twelfths palm-one-whole \">\n\n\n\n\n<figure class=\"wp-block-gallery has-nested-images columns-2 is-cropped wp-block-gallery-1 is-layout-flex wp-block-gallery-is-layout-flex\">\n<figure class=\"wp-block-image size-large\"><a href=\"https:\/\/becodoalemao.com.br\/wp-content\/uploads\/imagem-3-74-1-1.jpg\"><img fetchpriority=\"high\" decoding=\"async\" width=\"1024\" height=\"683\" data-id=\"2398\" src=\"https:\/\/becodoalemao.com.br\/wp-content\/uploads\/imagem-3-74-1-1-1024x683.jpg\" alt=\"\" class=\"wp-image-2398\" srcset=\"https:\/\/becodoalemao.com.br\/wp-content\/uploads\/imagem-3-74-1-1-1024x683.jpg 1024w, https:\/\/becodoalemao.com.br\/wp-content\/uploads\/imagem-3-74-1-1-300x200.jpg 300w, https:\/\/becodoalemao.com.br\/wp-content\/uploads\/imagem-3-74-1-1-768x512.jpg 768w, https:\/\/becodoalemao.com.br\/wp-content\/uploads\/imagem-3-74-1-1-1200x800.jpg 1200w, https:\/\/becodoalemao.com.br\/wp-content\/uploads\/imagem-3-74-1-1-900x600.jpg 900w, https:\/\/becodoalemao.com.br\/wp-content\/uploads\/imagem-3-74-1-1-400x267.jpg 400w, https:\/\/becodoalemao.com.br\/wp-content\/uploads\/imagem-3-74-1-1.jpg 1224w\" sizes=\"(max-width: 1024px) 100vw, 1024px\" \/><\/a><\/figure>\n\n\n\n<figure class=\"wp-block-image size-large\"><a href=\"https:\/\/becodoalemao.com.br\/wp-content\/uploads\/jan-23-20-1.jpg\"><img decoding=\"async\" width=\"1024\" height=\"683\" data-id=\"2311\" src=\"https:\/\/becodoalemao.com.br\/wp-content\/uploads\/jan-23-20-1-1024x683.jpg\" alt=\"\" class=\"wp-image-2311\" srcset=\"https:\/\/becodoalemao.com.br\/wp-content\/uploads\/jan-23-20-1-1024x683.jpg 1024w, https:\/\/becodoalemao.com.br\/wp-content\/uploads\/jan-23-20-1-300x200.jpg 300w, https:\/\/becodoalemao.com.br\/wp-content\/uploads\/jan-23-20-1-768x512.jpg 768w, https:\/\/becodoalemao.com.br\/wp-content\/uploads\/jan-23-20-1-1536x1024.jpg 1536w, https:\/\/becodoalemao.com.br\/wp-content\/uploads\/jan-23-20-1-1200x800.jpg 1200w, https:\/\/becodoalemao.com.br\/wp-content\/uploads\/jan-23-20-1-900x600.jpg 900w, https:\/\/becodoalemao.com.br\/wp-content\/uploads\/jan-23-20-1-400x267.jpg 400w, https:\/\/becodoalemao.com.br\/wp-content\/uploads\/jan-23-20-1.jpg 2048w\" sizes=\"(max-width: 1024px) 100vw, 1024px\" \/><\/a><\/figure>\n\n\n\n<figure class=\"wp-block-image size-large\"><a href=\"https:\/\/becodoalemao.com.br\/wp-content\/uploads\/beco-marco-12-2.jpg\"><img decoding=\"async\" width=\"1024\" height=\"683\" data-id=\"2396\" src=\"https:\/\/becodoalemao.com.br\/wp-content\/uploads\/beco-marco-12-2-1024x683.jpg\" alt=\"\" class=\"wp-image-2396\" srcset=\"https:\/\/becodoalemao.com.br\/wp-content\/uploads\/beco-marco-12-2-1024x683.jpg 1024w, https:\/\/becodoalemao.com.br\/wp-content\/uploads\/beco-marco-12-2-300x200.jpg 300w, https:\/\/becodoalemao.com.br\/wp-content\/uploads\/beco-marco-12-2-768x512.jpg 768w, https:\/\/becodoalemao.com.br\/wp-content\/uploads\/beco-marco-12-2-1536x1024.jpg 1536w, https:\/\/becodoalemao.com.br\/wp-content\/uploads\/beco-marco-12-2-1200x800.jpg 1200w, https:\/\/becodoalemao.com.br\/wp-content\/uploads\/beco-marco-12-2-900x600.jpg 900w, https:\/\/becodoalemao.com.br\/wp-content\/uploads\/beco-marco-12-2-400x267.jpg 400w, https:\/\/becodoalemao.com.br\/wp-content\/uploads\/beco-marco-12-2.jpg 2048w\" sizes=\"(max-width: 1024px) 100vw, 1024px\" \/><\/a><\/figure>\n\n\n\n<figure class=\"wp-block-image size-large\"><a href=\"https:\/\/becodoalemao.com.br\/wp-content\/uploads\/salmao-6-1-scaled.jpg\"><img loading=\"lazy\" decoding=\"async\" width=\"1024\" height=\"643\" data-id=\"2397\" src=\"https:\/\/becodoalemao.com.br\/wp-content\/uploads\/salmao-6-1-1024x643.jpg\" alt=\"\" class=\"wp-image-2397\" srcset=\"https:\/\/becodoalemao.com.br\/wp-content\/uploads\/salmao-6-1-1024x643.jpg 1024w, https:\/\/becodoalemao.com.br\/wp-content\/uploads\/salmao-6-1-300x188.jpg 300w, https:\/\/becodoalemao.com.br\/wp-content\/uploads\/salmao-6-1-768x482.jpg 768w, https:\/\/becodoalemao.com.br\/wp-content\/uploads\/salmao-6-1-1536x964.jpg 1536w, https:\/\/becodoalemao.com.br\/wp-content\/uploads\/salmao-6-1-2048x1286.jpg 2048w, https:\/\/becodoalemao.com.br\/wp-content\/uploads\/salmao-6-1-1200x753.jpg 1200w, https:\/\/becodoalemao.com.br\/wp-content\/uploads\/salmao-6-1-900x565.jpg 900w, https:\/\/becodoalemao.com.br\/wp-content\/uploads\/salmao-6-1-400x251.jpg 400w\" sizes=\"(max-width: 1024px) 100vw, 1024px\" \/><\/a><\/figure>\n\n\n\n<figure class=\"wp-block-image size-large\"><a href=\"https:\/\/becodoalemao.com.br\/wp-content\/uploads\/beco-janeiro-32-1-scaled.jpg\"><img loading=\"lazy\" decoding=\"async\" width=\"1024\" height=\"683\" data-id=\"2399\" src=\"https:\/\/becodoalemao.com.br\/wp-content\/uploads\/beco-janeiro-32-1-1024x683.jpg\" alt=\"\" class=\"wp-image-2399\" srcset=\"https:\/\/becodoalemao.com.br\/wp-content\/uploads\/beco-janeiro-32-1-1024x683.jpg 1024w, https:\/\/becodoalemao.com.br\/wp-content\/uploads\/beco-janeiro-32-1-300x200.jpg 300w, https:\/\/becodoalemao.com.br\/wp-content\/uploads\/beco-janeiro-32-1-768x512.jpg 768w, https:\/\/becodoalemao.com.br\/wp-content\/uploads\/beco-janeiro-32-1-1536x1024.jpg 1536w, https:\/\/becodoalemao.com.br\/wp-content\/uploads\/beco-janeiro-32-1-2048x1365.jpg 2048w, https:\/\/becodoalemao.com.br\/wp-content\/uploads\/beco-janeiro-32-1-1200x800.jpg 1200w, https:\/\/becodoalemao.com.br\/wp-content\/uploads\/beco-janeiro-32-1-900x600.jpg 900w, https:\/\/becodoalemao.com.br\/wp-content\/uploads\/beco-janeiro-32-1-400x267.jpg 400w\" sizes=\"(max-width: 1024px) 100vw, 1024px\" \/><\/a><\/figure>\n\n\n\n<figure class=\"wp-block-image size-large\"><a href=\"https:\/\/becodoalemao.com.br\/wp-content\/uploads\/beco-fev-22-1.jpg\"><img loading=\"lazy\" decoding=\"async\" width=\"1024\" height=\"683\" data-id=\"2345\" src=\"https:\/\/becodoalemao.com.br\/wp-content\/uploads\/beco-fev-22-1-1024x683.jpg\" alt=\"\" class=\"wp-image-2345\" srcset=\"https:\/\/becodoalemao.com.br\/wp-content\/uploads\/beco-fev-22-1-1024x683.jpg 1024w, https:\/\/becodoalemao.com.br\/wp-content\/uploads\/beco-fev-22-1-300x200.jpg 300w, https:\/\/becodoalemao.com.br\/wp-content\/uploads\/beco-fev-22-1-768x512.jpg 768w, https:\/\/becodoalemao.com.br\/wp-content\/uploads\/beco-fev-22-1-1536x1024.jpg 1536w, https:\/\/becodoalemao.com.br\/wp-content\/uploads\/beco-fev-22-1-1200x800.jpg 1200w, https:\/\/becodoalemao.com.br\/wp-content\/uploads\/beco-fev-22-1-900x600.jpg 900w, https:\/\/becodoalemao.com.br\/wp-content\/uploads\/beco-fev-22-1-400x267.jpg 400w, https:\/\/becodoalemao.com.br\/wp-content\/uploads\/beco-fev-22-1.jpg 2048w\" sizes=\"(max-width: 1024px) 100vw, 1024px\" \/><\/a><\/figure>\n\n\n\n<figure class=\"wp-block-image size-large\"><a href=\"https:\/\/becodoalemao.com.br\/wp-content\/uploads\/jan-23-6-2.jpg\"><img loading=\"lazy\" decoding=\"async\" width=\"1024\" height=\"683\" data-id=\"2401\" src=\"https:\/\/becodoalemao.com.br\/wp-content\/uploads\/jan-23-6-2-1024x683.jpg\" alt=\"\" class=\"wp-image-2401\" srcset=\"https:\/\/becodoalemao.com.br\/wp-content\/uploads\/jan-23-6-2-1024x683.jpg 1024w, https:\/\/becodoalemao.com.br\/wp-content\/uploads\/jan-23-6-2-300x200.jpg 300w, https:\/\/becodoalemao.com.br\/wp-content\/uploads\/jan-23-6-2-768x512.jpg 768w, https:\/\/becodoalemao.com.br\/wp-content\/uploads\/jan-23-6-2-1536x1024.jpg 1536w, https:\/\/becodoalemao.com.br\/wp-content\/uploads\/jan-23-6-2-1200x800.jpg 1200w, https:\/\/becodoalemao.com.br\/wp-content\/uploads\/jan-23-6-2-900x600.jpg 900w, https:\/\/becodoalemao.com.br\/wp-content\/uploads\/jan-23-6-2-400x267.jpg 400w, https:\/\/becodoalemao.com.br\/wp-content\/uploads\/jan-23-6-2.jpg 2048w\" sizes=\"(max-width: 1024px) 100vw, 1024px\" \/><\/a><\/figure>\n\n\n\n<figure class=\"wp-block-image size-large\"><a href=\"https:\/\/becodoalemao.com.br\/wp-content\/uploads\/imagem-5-13-1.jpg\"><img loading=\"lazy\" decoding=\"async\" width=\"1024\" height=\"683\" data-id=\"2400\" src=\"https:\/\/becodoalemao.com.br\/wp-content\/uploads\/imagem-5-13-1-1024x683.jpg\" alt=\"\" class=\"wp-image-2400\" srcset=\"https:\/\/becodoalemao.com.br\/wp-content\/uploads\/imagem-5-13-1-1024x683.jpg 1024w, https:\/\/becodoalemao.com.br\/wp-content\/uploads\/imagem-5-13-1-300x200.jpg 300w, https:\/\/becodoalemao.com.br\/wp-content\/uploads\/imagem-5-13-1-768x512.jpg 768w, https:\/\/becodoalemao.com.br\/wp-content\/uploads\/imagem-5-13-1-1536x1024.jpg 1536w, https:\/\/becodoalemao.com.br\/wp-content\/uploads\/imagem-5-13-1-1200x800.jpg 1200w, https:\/\/becodoalemao.com.br\/wp-content\/uploads\/imagem-5-13-1-900x600.jpg 900w, https:\/\/becodoalemao.com.br\/wp-content\/uploads\/imagem-5-13-1-400x267.jpg 400w, https:\/\/becodoalemao.com.br\/wp-content\/uploads\/imagem-5-13-1.jpg 2048w\" sizes=\"(max-width: 1024px) 100vw, 1024px\" \/><\/a><\/figure>\n<\/figure>\n\n\n\n\n<\/div>\n\n\n\n\n\n<\/div>\n\n","protected":false},"excerpt":{"rendered":"","protected":false},"author":1,"featured_media":1497,"parent":0,"menu_order":0,"comment_status":"closed","ping_status":"closed","template":"","meta":{"footnotes":""},"class_list":["post-69","page","type-page","status-publish","has-post-thumbnail","hentry"],"yoast_head":"<!-- This site is optimized with the Yoast SEO plugin v27.4 - https:\/\/yoast.com\/product\/yoast-seo-wordpress\/ -->\n<title>Buffet - Beco do Alem\u00e3o<\/title>\n<meta name=\"robots\" content=\"index, follow, max-snippet:-1, max-image-preview:large, max-video-preview:-1\" \/>\n<meta property=\"og:locale\" content=\"pt_BR\" \/>\n<meta property=\"og:type\" content=\"article\" \/>\n<meta property=\"og:title\" content=\"Buffet - Beco do Alem\u00e3o\" \/>\n<meta property=\"og:url\" content=\"https:\/\/becodoalemao.com.br\/?page_id=69\" \/>\n<meta property=\"og:site_name\" content=\"Beco do Alem\u00e3o\" \/>\n<meta property=\"article:modified_time\" content=\"2026-01-14T00:57:21+00:00\" \/>\n<meta property=\"og:image\" content=\"https:\/\/becodoalemao.com.br\/wp-content\/uploads\/pagina-bufe-45.jpg\" \/>\n\t<meta property=\"og:image:width\" content=\"1224\" \/>\n\t<meta property=\"og:image:height\" content=\"816\" \/>\n\t<meta property=\"og:image:type\" content=\"image\/jpeg\" \/>\n<meta name=\"twitter:card\" content=\"summary_large_image\" \/>\n<meta name=\"twitter:label1\" content=\"Est. tempo de leitura\" \/>\n\t<meta name=\"twitter:data1\" content=\"3 minutos\" \/>\n<script type=\"application\/ld+json\" class=\"yoast-schema-graph\">{\"@context\":\"https:\\\/\\\/schema.org\",\"@graph\":[{\"@type\":\"WebPage\",\"@id\":\"https:\\\/\\\/becodoalemao.com.br\\\/?page_id=69\",\"url\":\"https:\\\/\\\/becodoalemao.com.br\\\/?page_id=69\",\"name\":\"Buffet - Beco do Alem\u00e3o\",\"isPartOf\":{\"@id\":\"https:\\\/\\\/becodoalemao.com.br\\\/#website\"},\"primaryImageOfPage\":{\"@id\":\"https:\\\/\\\/becodoalemao.com.br\\\/?page_id=69#primaryimage\"},\"image\":{\"@id\":\"https:\\\/\\\/becodoalemao.com.br\\\/?page_id=69#primaryimage\"},\"thumbnailUrl\":\"https:\\\/\\\/becodoalemao.com.br\\\/wp-content\\\/uploads\\\/pagina-bufe-45.jpg\",\"datePublished\":\"2014-05-30T12:39:03+00:00\",\"dateModified\":\"2026-01-14T00:57:21+00:00\",\"breadcrumb\":{\"@id\":\"https:\\\/\\\/becodoalemao.com.br\\\/?page_id=69#breadcrumb\"},\"inLanguage\":\"pt-BR\",\"potentialAction\":[{\"@type\":\"ReadAction\",\"target\":[\"https:\\\/\\\/becodoalemao.com.br\\\/?page_id=69\"]}]},{\"@type\":\"ImageObject\",\"inLanguage\":\"pt-BR\",\"@id\":\"https:\\\/\\\/becodoalemao.com.br\\\/?page_id=69#primaryimage\",\"url\":\"https:\\\/\\\/becodoalemao.com.br\\\/wp-content\\\/uploads\\\/pagina-bufe-45.jpg\",\"contentUrl\":\"https:\\\/\\\/becodoalemao.com.br\\\/wp-content\\\/uploads\\\/pagina-bufe-45.jpg\",\"width\":1224,\"height\":816},{\"@type\":\"BreadcrumbList\",\"@id\":\"https:\\\/\\\/becodoalemao.com.br\\\/?page_id=69#breadcrumb\",\"itemListElement\":[{\"@type\":\"ListItem\",\"position\":1,\"name\":\"In\u00edcio\",\"item\":\"https:\\\/\\\/becodoalemao.com.br\\\/\"},{\"@type\":\"ListItem\",\"position\":2,\"name\":\"Buffet\"}]},{\"@type\":\"WebSite\",\"@id\":\"https:\\\/\\\/becodoalemao.com.br\\\/#website\",\"url\":\"https:\\\/\\\/becodoalemao.com.br\\\/\",\"name\":\"Beco do Alem\u00e3o\",\"description\":\"Restaurante\",\"publisher\":{\"@id\":\"https:\\\/\\\/becodoalemao.com.br\\\/#organization\"},\"potentialAction\":[{\"@type\":\"SearchAction\",\"target\":{\"@type\":\"EntryPoint\",\"urlTemplate\":\"https:\\\/\\\/becodoalemao.com.br\\\/?s={search_term_string}\"},\"query-input\":{\"@type\":\"PropertyValueSpecification\",\"valueRequired\":true,\"valueName\":\"search_term_string\"}}],\"inLanguage\":\"pt-BR\"},{\"@type\":\"Organization\",\"@id\":\"https:\\\/\\\/becodoalemao.com.br\\\/#organization\",\"name\":\"Beco do Alem\u00e3o\",\"url\":\"https:\\\/\\\/becodoalemao.com.br\\\/\",\"logo\":{\"@type\":\"ImageObject\",\"inLanguage\":\"pt-BR\",\"@id\":\"https:\\\/\\\/becodoalemao.com.br\\\/#\\\/schema\\\/logo\\\/image\\\/\",\"url\":\"https:\\\/\\\/becodoalemao.com.br\\\/wp-content\\\/uploads\\\/cropped-logo-beco-2-editada.png\",\"contentUrl\":\"https:\\\/\\\/becodoalemao.com.br\\\/wp-content\\\/uploads\\\/cropped-logo-beco-2-editada.png\",\"width\":512,\"height\":512,\"caption\":\"Beco do Alem\u00e3o\"},\"image\":{\"@id\":\"https:\\\/\\\/becodoalemao.com.br\\\/#\\\/schema\\\/logo\\\/image\\\/\"}}]}<\/script>\n<!-- \/ Yoast SEO plugin. -->","yoast_head_json":{"title":"Buffet - Beco do Alem\u00e3o","robots":{"index":"index","follow":"follow","max-snippet":"max-snippet:-1","max-image-preview":"max-image-preview:large","max-video-preview":"max-video-preview:-1"},"og_locale":"pt_BR","og_type":"article","og_title":"Buffet - Beco do Alem\u00e3o","og_url":"https:\/\/becodoalemao.com.br\/?page_id=69","og_site_name":"Beco do Alem\u00e3o","article_modified_time":"2026-01-14T00:57:21+00:00","og_image":[{"width":1224,"height":816,"url":"https:\/\/becodoalemao.com.br\/wp-content\/uploads\/pagina-bufe-45.jpg","type":"image\/jpeg"}],"twitter_card":"summary_large_image","twitter_misc":{"Est. tempo de leitura":"3 minutos"},"schema":{"@context":"https:\/\/schema.org","@graph":[{"@type":"WebPage","@id":"https:\/\/becodoalemao.com.br\/?page_id=69","url":"https:\/\/becodoalemao.com.br\/?page_id=69","name":"Buffet - Beco do Alem\u00e3o","isPartOf":{"@id":"https:\/\/becodoalemao.com.br\/#website"},"primaryImageOfPage":{"@id":"https:\/\/becodoalemao.com.br\/?page_id=69#primaryimage"},"image":{"@id":"https:\/\/becodoalemao.com.br\/?page_id=69#primaryimage"},"thumbnailUrl":"https:\/\/becodoalemao.com.br\/wp-content\/uploads\/pagina-bufe-45.jpg","datePublished":"2014-05-30T12:39:03+00:00","dateModified":"2026-01-14T00:57:21+00:00","breadcrumb":{"@id":"https:\/\/becodoalemao.com.br\/?page_id=69#breadcrumb"},"inLanguage":"pt-BR","potentialAction":[{"@type":"ReadAction","target":["https:\/\/becodoalemao.com.br\/?page_id=69"]}]},{"@type":"ImageObject","inLanguage":"pt-BR","@id":"https:\/\/becodoalemao.com.br\/?page_id=69#primaryimage","url":"https:\/\/becodoalemao.com.br\/wp-content\/uploads\/pagina-bufe-45.jpg","contentUrl":"https:\/\/becodoalemao.com.br\/wp-content\/uploads\/pagina-bufe-45.jpg","width":1224,"height":816},{"@type":"BreadcrumbList","@id":"https:\/\/becodoalemao.com.br\/?page_id=69#breadcrumb","itemListElement":[{"@type":"ListItem","position":1,"name":"In\u00edcio","item":"https:\/\/becodoalemao.com.br\/"},{"@type":"ListItem","position":2,"name":"Buffet"}]},{"@type":"WebSite","@id":"https:\/\/becodoalemao.com.br\/#website","url":"https:\/\/becodoalemao.com.br\/","name":"Beco do Alem\u00e3o","description":"Restaurante","publisher":{"@id":"https:\/\/becodoalemao.com.br\/#organization"},"potentialAction":[{"@type":"SearchAction","target":{"@type":"EntryPoint","urlTemplate":"https:\/\/becodoalemao.com.br\/?s={search_term_string}"},"query-input":{"@type":"PropertyValueSpecification","valueRequired":true,"valueName":"search_term_string"}}],"inLanguage":"pt-BR"},{"@type":"Organization","@id":"https:\/\/becodoalemao.com.br\/#organization","name":"Beco do Alem\u00e3o","url":"https:\/\/becodoalemao.com.br\/","logo":{"@type":"ImageObject","inLanguage":"pt-BR","@id":"https:\/\/becodoalemao.com.br\/#\/schema\/logo\/image\/","url":"https:\/\/becodoalemao.com.br\/wp-content\/uploads\/cropped-logo-beco-2-editada.png","contentUrl":"https:\/\/becodoalemao.com.br\/wp-content\/uploads\/cropped-logo-beco-2-editada.png","width":512,"height":512,"caption":"Beco do Alem\u00e3o"},"image":{"@id":"https:\/\/becodoalemao.com.br\/#\/schema\/logo\/image\/"}}]}},"_links":{"self":[{"href":"https:\/\/becodoalemao.com.br\/index.php?rest_route=\/wp\/v2\/pages\/69","targetHints":{"allow":["GET"]}}],"collection":[{"href":"https:\/\/becodoalemao.com.br\/index.php?rest_route=\/wp\/v2\/pages"}],"about":[{"href":"https:\/\/becodoalemao.com.br\/index.php?rest_route=\/wp\/v2\/types\/page"}],"author":[{"embeddable":true,"href":"https:\/\/becodoalemao.com.br\/index.php?rest_route=\/wp\/v2\/users\/1"}],"replies":[{"embeddable":true,"href":"https:\/\/becodoalemao.com.br\/index.php?rest_route=%2Fwp%2Fv2%2Fcomments&post=69"}],"version-history":[{"count":70,"href":"https:\/\/becodoalemao.com.br\/index.php?rest_route=\/wp\/v2\/pages\/69\/revisions"}],"predecessor-version":[{"id":2929,"href":"https:\/\/becodoalemao.com.br\/index.php?rest_route=\/wp\/v2\/pages\/69\/revisions\/2929"}],"wp:featuredmedia":[{"embeddable":true,"href":"https:\/\/becodoalemao.com.br\/index.php?rest_route=\/wp\/v2\/media\/1497"}],"wp:attachment":[{"href":"https:\/\/becodoalemao.com.br\/index.php?rest_route=%2Fwp%2Fv2%2Fmedia&parent=69"}],"curies":[{"name":"wp","href":"https:\/\/api.w.org\/{rel}","templated":true}]}}