{"id":650,"date":"2016-02-17T00:51:22","date_gmt":"2016-02-17T00:51:22","guid":{"rendered":"http:\/\/becodoalemao.com.br\/?page_id=650"},"modified":"2025-09-15T16:38:27","modified_gmt":"2025-09-15T16:38:27","slug":"bar","status":"publish","type":"page","link":"https:\/\/becodoalemao.com.br\/?page_id=650","title":{"rendered":"Bar"},"content":{"rendered":"<div class=\"pixcode  pixcode--grid  grid  \">\n\n<div class=\"grid__item six-twelfths palm-one-whole \">\n\n\n\t\t<style type='text\/css'>\n\t\t\t#gallery-0 {\n\t\t\t\tmargin: auto;\n\t\t\t}\n\t\t\t#gallery-0 .gallery-item {\n\t\t\t\tfloat: left;\n\t\t\t\ttext-align: center;\n\t\t\t\twidth: 50%;\n\t\t\t}\n\t\t\t\/* see gallery_shortcode() in wp-includes\/media.php *\/\n\t\t<\/style>\n\t\t<div id='gallery-0' class='gallery galleryid-650 gallery-columns-2 gallery-size-medium'><figure class='gallery-item'>\n\t\t\t<div class='gallery-icon landscape'>\n\t\t\t\t<a data-title=\"beco janeiro-35\" data-alt=\"\" href='https:\/\/becodoalemao.com.br\/wp-content\/uploads\/beco-janeiro-35-1.jpg'><img fetchpriority=\"high\" decoding=\"async\" width=\"300\" height=\"200\" src=\"https:\/\/becodoalemao.com.br\/wp-content\/uploads\/beco-janeiro-35-1-300x200.jpg\" class=\"attachment-medium size-medium\" alt=\"\" srcset=\"https:\/\/becodoalemao.com.br\/wp-content\/uploads\/beco-janeiro-35-1-300x200.jpg 300w, https:\/\/becodoalemao.com.br\/wp-content\/uploads\/beco-janeiro-35-1-1024x683.jpg 1024w, https:\/\/becodoalemao.com.br\/wp-content\/uploads\/beco-janeiro-35-1-768x512.jpg 768w, https:\/\/becodoalemao.com.br\/wp-content\/uploads\/beco-janeiro-35-1-1536x1024.jpg 1536w, https:\/\/becodoalemao.com.br\/wp-content\/uploads\/beco-janeiro-35-1-1200x800.jpg 1200w, https:\/\/becodoalemao.com.br\/wp-content\/uploads\/beco-janeiro-35-1-900x600.jpg 900w, https:\/\/becodoalemao.com.br\/wp-content\/uploads\/beco-janeiro-35-1-400x267.jpg 400w, https:\/\/becodoalemao.com.br\/wp-content\/uploads\/beco-janeiro-35-1.jpg 2048w\" sizes=\"(max-width: 300px) 100vw, 300px\" \/><\/a>\n\t\t\t<\/div><\/figure><figure class='gallery-item'>\n\t\t\t<div class='gallery-icon landscape'>\n\t\t\t\t<a data-title=\"maio 22-46\" data-alt=\"\" href='https:\/\/becodoalemao.com.br\/wp-content\/uploads\/maio-22-46.jpg'><img decoding=\"async\" width=\"300\" height=\"200\" src=\"https:\/\/becodoalemao.com.br\/wp-content\/uploads\/maio-22-46-300x200.jpg\" class=\"attachment-medium size-medium\" alt=\"\" srcset=\"https:\/\/becodoalemao.com.br\/wp-content\/uploads\/maio-22-46-300x200.jpg 300w, https:\/\/becodoalemao.com.br\/wp-content\/uploads\/maio-22-46-1024x683.jpg 1024w, https:\/\/becodoalemao.com.br\/wp-content\/uploads\/maio-22-46-768x512.jpg 768w, https:\/\/becodoalemao.com.br\/wp-content\/uploads\/maio-22-46-1536x1024.jpg 1536w, https:\/\/becodoalemao.com.br\/wp-content\/uploads\/maio-22-46-1200x800.jpg 1200w, https:\/\/becodoalemao.com.br\/wp-content\/uploads\/maio-22-46-900x600.jpg 900w, https:\/\/becodoalemao.com.br\/wp-content\/uploads\/maio-22-46-400x267.jpg 400w, https:\/\/becodoalemao.com.br\/wp-content\/uploads\/maio-22-46.jpg 2048w\" sizes=\"(max-width: 300px) 100vw, 300px\" \/><\/a>\n\t\t\t<\/div><\/figure><figure class='gallery-item'>\n\t\t\t<div class='gallery-icon landscape'>\n\t\t\t\t<a data-title=\"pagina delivery testar 2-25\" data-alt=\"\" href='https:\/\/becodoalemao.com.br\/wp-content\/uploads\/pagina-delivery-testar-2-25.jpg'><img decoding=\"async\" width=\"300\" height=\"200\" src=\"https:\/\/becodoalemao.com.br\/wp-content\/uploads\/pagina-delivery-testar-2-25-300x200.jpg\" class=\"attachment-medium size-medium\" alt=\"\" srcset=\"https:\/\/becodoalemao.com.br\/wp-content\/uploads\/pagina-delivery-testar-2-25-300x200.jpg 300w, https:\/\/becodoalemao.com.br\/wp-content\/uploads\/pagina-delivery-testar-2-25-1024x683.jpg 1024w, https:\/\/becodoalemao.com.br\/wp-content\/uploads\/pagina-delivery-testar-2-25-768x512.jpg 768w, https:\/\/becodoalemao.com.br\/wp-content\/uploads\/pagina-delivery-testar-2-25-1200x800.jpg 1200w, https:\/\/becodoalemao.com.br\/wp-content\/uploads\/pagina-delivery-testar-2-25-900x600.jpg 900w, https:\/\/becodoalemao.com.br\/wp-content\/uploads\/pagina-delivery-testar-2-25-400x267.jpg 400w, https:\/\/becodoalemao.com.br\/wp-content\/uploads\/pagina-delivery-testar-2-25.jpg 1224w\" sizes=\"(max-width: 300px) 100vw, 300px\" \/><\/a>\n\t\t\t<\/div><\/figure><figure class='gallery-item'>\n\t\t\t<div class='gallery-icon landscape'>\n\t\t\t\t<a data-title=\"beco fev 22-86\" data-alt=\"\" href='https:\/\/becodoalemao.com.br\/wp-content\/uploads\/beco-fev-22-86.jpg'><img loading=\"lazy\" decoding=\"async\" width=\"300\" height=\"200\" src=\"https:\/\/becodoalemao.com.br\/wp-content\/uploads\/beco-fev-22-86-300x200.jpg\" class=\"attachment-medium size-medium\" alt=\"\" srcset=\"https:\/\/becodoalemao.com.br\/wp-content\/uploads\/beco-fev-22-86-300x200.jpg 300w, https:\/\/becodoalemao.com.br\/wp-content\/uploads\/beco-fev-22-86-1024x683.jpg 1024w, https:\/\/becodoalemao.com.br\/wp-content\/uploads\/beco-fev-22-86-768x512.jpg 768w, https:\/\/becodoalemao.com.br\/wp-content\/uploads\/beco-fev-22-86-1536x1024.jpg 1536w, https:\/\/becodoalemao.com.br\/wp-content\/uploads\/beco-fev-22-86-1200x800.jpg 1200w, https:\/\/becodoalemao.com.br\/wp-content\/uploads\/beco-fev-22-86-900x600.jpg 900w, https:\/\/becodoalemao.com.br\/wp-content\/uploads\/beco-fev-22-86-400x267.jpg 400w, https:\/\/becodoalemao.com.br\/wp-content\/uploads\/beco-fev-22-86.jpg 2048w\" sizes=\"(max-width: 300px) 100vw, 300px\" \/><\/a>\n\t\t\t<\/div><\/figure>\n\t\t<\/div>\n\n\n<\/div>\n\n<div class=\"grid__item six-twelfths palm-one-whole \">\n\n<p>Localizado na parte externa do restaurante, o Bar do Beco oferece diversas op\u00e7\u00f5es de petiscos, pizzas, sandu\u00edches e drinks, al\u00e9m de pratos t\u00edpicos das culin\u00e1rias brasileira e alem\u00e3. Um ambiente alegre e descontra\u00eddo, ideal para curtir com os amigos. As sextas e s\u00e1bados, a partir das 20:00h, os clientes tamb\u00e9m desfrutam de shows de m\u00fasica ao vivo, sempre trazendo os maiores sucessos nacionais e internacionais.<\/p>\n<p>Hor\u00e1rio de Funcionamento:<\/p>\n<p>&#8211; Segunda \u00e0 s\u00e1bado, das 11:30h \u00e0s 23:00h;<\/p>\n<p>&#8211; Domingos das 11:30h \u00e0s 18:00h.<\/p>\n<p>Sexta e s\u00e1bado est\u00e1 acontecendo o Festival M\u00fasica na Varanda de 20:00h \u00e0s 23:00h<\/p>\n\n<\/div>\n\n\n<\/div>\n\n","protected":false},"excerpt":{"rendered":"","protected":false},"author":1,"featured_media":2411,"parent":0,"menu_order":0,"comment_status":"closed","ping_status":"closed","template":"","meta":{"footnotes":""},"class_list":["post-650","page","type-page","status-publish","has-post-thumbnail","hentry"],"yoast_head":"<!-- This site is optimized with the Yoast SEO plugin v27.4 - https:\/\/yoast.com\/product\/yoast-seo-wordpress\/ -->\n<title>Bar - Beco do Alem\u00e3o<\/title>\n<meta name=\"robots\" content=\"index, follow, max-snippet:-1, max-image-preview:large, max-video-preview:-1\" \/>\n<meta property=\"og:locale\" content=\"pt_BR\" \/>\n<meta property=\"og:type\" content=\"article\" \/>\n<meta property=\"og:title\" content=\"Bar - Beco do Alem\u00e3o\" \/>\n<meta property=\"og:url\" content=\"https:\/\/becodoalemao.com.br\/?page_id=650\" \/>\n<meta property=\"og:site_name\" content=\"Beco do Alem\u00e3o\" \/>\n<meta property=\"article:modified_time\" content=\"2025-09-15T16:38:27+00:00\" \/>\n<meta property=\"og:image\" content=\"https:\/\/becodoalemao.com.br\/wp-content\/uploads\/beco-fev-22-47.jpg\" \/>\n\t<meta property=\"og:image:width\" content=\"2048\" \/>\n\t<meta property=\"og:image:height\" content=\"1365\" \/>\n\t<meta property=\"og:image:type\" content=\"image\/jpeg\" \/>\n<meta name=\"twitter:card\" content=\"summary_large_image\" \/>\n<meta name=\"twitter:label1\" content=\"Est. tempo de leitura\" \/>\n\t<meta name=\"twitter:data1\" content=\"1 minuto\" \/>\n<script type=\"application\/ld+json\" class=\"yoast-schema-graph\">{\"@context\":\"https:\\\/\\\/schema.org\",\"@graph\":[{\"@type\":\"WebPage\",\"@id\":\"https:\\\/\\\/becodoalemao.com.br\\\/?page_id=650\",\"url\":\"https:\\\/\\\/becodoalemao.com.br\\\/?page_id=650\",\"name\":\"Bar - Beco do Alem\u00e3o\",\"isPartOf\":{\"@id\":\"https:\\\/\\\/becodoalemao.com.br\\\/#website\"},\"primaryImageOfPage\":{\"@id\":\"https:\\\/\\\/becodoalemao.com.br\\\/?page_id=650#primaryimage\"},\"image\":{\"@id\":\"https:\\\/\\\/becodoalemao.com.br\\\/?page_id=650#primaryimage\"},\"thumbnailUrl\":\"https:\\\/\\\/becodoalemao.com.br\\\/wp-content\\\/uploads\\\/beco-fev-22-47.jpg\",\"datePublished\":\"2016-02-17T00:51:22+00:00\",\"dateModified\":\"2025-09-15T16:38:27+00:00\",\"breadcrumb\":{\"@id\":\"https:\\\/\\\/becodoalemao.com.br\\\/?page_id=650#breadcrumb\"},\"inLanguage\":\"pt-BR\",\"potentialAction\":[{\"@type\":\"ReadAction\",\"target\":[\"https:\\\/\\\/becodoalemao.com.br\\\/?page_id=650\"]}]},{\"@type\":\"ImageObject\",\"inLanguage\":\"pt-BR\",\"@id\":\"https:\\\/\\\/becodoalemao.com.br\\\/?page_id=650#primaryimage\",\"url\":\"https:\\\/\\\/becodoalemao.com.br\\\/wp-content\\\/uploads\\\/beco-fev-22-47.jpg\",\"contentUrl\":\"https:\\\/\\\/becodoalemao.com.br\\\/wp-content\\\/uploads\\\/beco-fev-22-47.jpg\",\"width\":2048,\"height\":1365},{\"@type\":\"BreadcrumbList\",\"@id\":\"https:\\\/\\\/becodoalemao.com.br\\\/?page_id=650#breadcrumb\",\"itemListElement\":[{\"@type\":\"ListItem\",\"position\":1,\"name\":\"In\u00edcio\",\"item\":\"https:\\\/\\\/becodoalemao.com.br\\\/\"},{\"@type\":\"ListItem\",\"position\":2,\"name\":\"Bar\"}]},{\"@type\":\"WebSite\",\"@id\":\"https:\\\/\\\/becodoalemao.com.br\\\/#website\",\"url\":\"https:\\\/\\\/becodoalemao.com.br\\\/\",\"name\":\"Beco do Alem\u00e3o\",\"description\":\"Restaurante\",\"publisher\":{\"@id\":\"https:\\\/\\\/becodoalemao.com.br\\\/#organization\"},\"potentialAction\":[{\"@type\":\"SearchAction\",\"target\":{\"@type\":\"EntryPoint\",\"urlTemplate\":\"https:\\\/\\\/becodoalemao.com.br\\\/?s={search_term_string}\"},\"query-input\":{\"@type\":\"PropertyValueSpecification\",\"valueRequired\":true,\"valueName\":\"search_term_string\"}}],\"inLanguage\":\"pt-BR\"},{\"@type\":\"Organization\",\"@id\":\"https:\\\/\\\/becodoalemao.com.br\\\/#organization\",\"name\":\"Beco do Alem\u00e3o\",\"url\":\"https:\\\/\\\/becodoalemao.com.br\\\/\",\"logo\":{\"@type\":\"ImageObject\",\"inLanguage\":\"pt-BR\",\"@id\":\"https:\\\/\\\/becodoalemao.com.br\\\/#\\\/schema\\\/logo\\\/image\\\/\",\"url\":\"https:\\\/\\\/becodoalemao.com.br\\\/wp-content\\\/uploads\\\/cropped-logo-beco-2-editada.png\",\"contentUrl\":\"https:\\\/\\\/becodoalemao.com.br\\\/wp-content\\\/uploads\\\/cropped-logo-beco-2-editada.png\",\"width\":512,\"height\":512,\"caption\":\"Beco do Alem\u00e3o\"},\"image\":{\"@id\":\"https:\\\/\\\/becodoalemao.com.br\\\/#\\\/schema\\\/logo\\\/image\\\/\"}}]}<\/script>\n<!-- \/ Yoast SEO plugin. -->","yoast_head_json":{"title":"Bar - Beco do Alem\u00e3o","robots":{"index":"index","follow":"follow","max-snippet":"max-snippet:-1","max-image-preview":"max-image-preview:large","max-video-preview":"max-video-preview:-1"},"og_locale":"pt_BR","og_type":"article","og_title":"Bar - Beco do Alem\u00e3o","og_url":"https:\/\/becodoalemao.com.br\/?page_id=650","og_site_name":"Beco do Alem\u00e3o","article_modified_time":"2025-09-15T16:38:27+00:00","og_image":[{"width":2048,"height":1365,"url":"https:\/\/becodoalemao.com.br\/wp-content\/uploads\/beco-fev-22-47.jpg","type":"image\/jpeg"}],"twitter_card":"summary_large_image","twitter_misc":{"Est. tempo de leitura":"1 minuto"},"schema":{"@context":"https:\/\/schema.org","@graph":[{"@type":"WebPage","@id":"https:\/\/becodoalemao.com.br\/?page_id=650","url":"https:\/\/becodoalemao.com.br\/?page_id=650","name":"Bar - Beco do Alem\u00e3o","isPartOf":{"@id":"https:\/\/becodoalemao.com.br\/#website"},"primaryImageOfPage":{"@id":"https:\/\/becodoalemao.com.br\/?page_id=650#primaryimage"},"image":{"@id":"https:\/\/becodoalemao.com.br\/?page_id=650#primaryimage"},"thumbnailUrl":"https:\/\/becodoalemao.com.br\/wp-content\/uploads\/beco-fev-22-47.jpg","datePublished":"2016-02-17T00:51:22+00:00","dateModified":"2025-09-15T16:38:27+00:00","breadcrumb":{"@id":"https:\/\/becodoalemao.com.br\/?page_id=650#breadcrumb"},"inLanguage":"pt-BR","potentialAction":[{"@type":"ReadAction","target":["https:\/\/becodoalemao.com.br\/?page_id=650"]}]},{"@type":"ImageObject","inLanguage":"pt-BR","@id":"https:\/\/becodoalemao.com.br\/?page_id=650#primaryimage","url":"https:\/\/becodoalemao.com.br\/wp-content\/uploads\/beco-fev-22-47.jpg","contentUrl":"https:\/\/becodoalemao.com.br\/wp-content\/uploads\/beco-fev-22-47.jpg","width":2048,"height":1365},{"@type":"BreadcrumbList","@id":"https:\/\/becodoalemao.com.br\/?page_id=650#breadcrumb","itemListElement":[{"@type":"ListItem","position":1,"name":"In\u00edcio","item":"https:\/\/becodoalemao.com.br\/"},{"@type":"ListItem","position":2,"name":"Bar"}]},{"@type":"WebSite","@id":"https:\/\/becodoalemao.com.br\/#website","url":"https:\/\/becodoalemao.com.br\/","name":"Beco do Alem\u00e3o","description":"Restaurante","publisher":{"@id":"https:\/\/becodoalemao.com.br\/#organization"},"potentialAction":[{"@type":"SearchAction","target":{"@type":"EntryPoint","urlTemplate":"https:\/\/becodoalemao.com.br\/?s={search_term_string}"},"query-input":{"@type":"PropertyValueSpecification","valueRequired":true,"valueName":"search_term_string"}}],"inLanguage":"pt-BR"},{"@type":"Organization","@id":"https:\/\/becodoalemao.com.br\/#organization","name":"Beco do Alem\u00e3o","url":"https:\/\/becodoalemao.com.br\/","logo":{"@type":"ImageObject","inLanguage":"pt-BR","@id":"https:\/\/becodoalemao.com.br\/#\/schema\/logo\/image\/","url":"https:\/\/becodoalemao.com.br\/wp-content\/uploads\/cropped-logo-beco-2-editada.png","contentUrl":"https:\/\/becodoalemao.com.br\/wp-content\/uploads\/cropped-logo-beco-2-editada.png","width":512,"height":512,"caption":"Beco do Alem\u00e3o"},"image":{"@id":"https:\/\/becodoalemao.com.br\/#\/schema\/logo\/image\/"}}]}},"_links":{"self":[{"href":"https:\/\/becodoalemao.com.br\/index.php?rest_route=\/wp\/v2\/pages\/650","targetHints":{"allow":["GET"]}}],"collection":[{"href":"https:\/\/becodoalemao.com.br\/index.php?rest_route=\/wp\/v2\/pages"}],"about":[{"href":"https:\/\/becodoalemao.com.br\/index.php?rest_route=\/wp\/v2\/types\/page"}],"author":[{"embeddable":true,"href":"https:\/\/becodoalemao.com.br\/index.php?rest_route=\/wp\/v2\/users\/1"}],"replies":[{"embeddable":true,"href":"https:\/\/becodoalemao.com.br\/index.php?rest_route=%2Fwp%2Fv2%2Fcomments&post=650"}],"version-history":[{"count":18,"href":"https:\/\/becodoalemao.com.br\/index.php?rest_route=\/wp\/v2\/pages\/650\/revisions"}],"predecessor-version":[{"id":2849,"href":"https:\/\/becodoalemao.com.br\/index.php?rest_route=\/wp\/v2\/pages\/650\/revisions\/2849"}],"wp:featuredmedia":[{"embeddable":true,"href":"https:\/\/becodoalemao.com.br\/index.php?rest_route=\/wp\/v2\/media\/2411"}],"wp:attachment":[{"href":"https:\/\/becodoalemao.com.br\/index.php?rest_route=%2Fwp%2Fv2%2Fmedia&parent=650"}],"curies":[{"name":"wp","href":"https:\/\/api.w.org\/{rel}","templated":true}]}}