{"id":321,"date":"2014-06-26T07:26:50","date_gmt":"2014-06-26T07:26:50","guid":{"rendered":"http:\/\/pixelgrade.com\/demos\/rosa2\/?page_id=321"},"modified":"2024-07-22T14:23:51","modified_gmt":"2024-07-22T14:23:51","slug":"home","status":"publish","type":"page","link":"https:\/\/becodoalemao.com.br\/","title":{"rendered":"Home"},"content":{"rendered":"<div class=\"pixcode  pixcode--grid  grid  \">\n\n<div class=\"grid__item six-twelfths palm-one-whole island\">\n\n<hgroup class=\"pixcode  pixcode--heading article__headline\">\n\t<h2 class=\"headline__secondary\"><\/h2>\n\t<h1 class=\"headline__primary\">O Restaurante<\/h1>\n<\/hgroup>\n<div class=\"pixcode  pixcode--separator  separator separator--flower separator_color--color\">&#10043;<\/div>\n\n<p>O Restaurante Beco do Alem\u00e3o \u00e9 conhecido por sua variedade e qualidade dos pratos, em seu buffet a quilo s\u00e3o encontradas diversas op\u00e7\u00f5es de saladas e pratos quentes, al\u00e9m de churrasco, comida japonesa e saladas personalizadas e sobremesas irresistiveis. Tamb\u00e9m contamos com um charmoso bar com op\u00e7\u00f5es de drinks, petiscos e pratos a la carte deliciosos.<\/p>\n\n<\/div>\n\n<div class=\"grid__item six-twelfths palm-one-whole \">\n<a href=\"http:\/\/becodoalemao.com.br\/wp-content\/uploads\/setembro-21-30.jpg\"><img fetchpriority=\"high\" decoding=\"async\" class=\"alignnone wp-image-2324 size-full\" src=\"http:\/\/becodoalemao.com.br\/wp-content\/uploads\/setembro-21-30.jpg\" alt=\"\" width=\"2048\" height=\"1365\" srcset=\"https:\/\/becodoalemao.com.br\/wp-content\/uploads\/setembro-21-30.jpg 2048w, https:\/\/becodoalemao.com.br\/wp-content\/uploads\/setembro-21-30-300x200.jpg 300w, https:\/\/becodoalemao.com.br\/wp-content\/uploads\/setembro-21-30-1024x683.jpg 1024w, https:\/\/becodoalemao.com.br\/wp-content\/uploads\/setembro-21-30-768x512.jpg 768w, https:\/\/becodoalemao.com.br\/wp-content\/uploads\/setembro-21-30-1536x1024.jpg 1536w, https:\/\/becodoalemao.com.br\/wp-content\/uploads\/setembro-21-30-1200x800.jpg 1200w, https:\/\/becodoalemao.com.br\/wp-content\/uploads\/setembro-21-30-900x600.jpg 900w, https:\/\/becodoalemao.com.br\/wp-content\/uploads\/setembro-21-30-400x267.jpg 400w\" sizes=\"(max-width: 2048px) 100vw, 2048px\" \/><\/a>\n<\/div>\n\n\n<\/div>\n\n","protected":false},"excerpt":{"rendered":"","protected":false},"author":1,"featured_media":0,"parent":0,"menu_order":0,"comment_status":"closed","ping_status":"closed","template":"","meta":{"footnotes":""},"class_list":["post-321","page","type-page","status-publish","hentry","no-page-header"],"yoast_head":"<!-- This site is optimized with the Yoast SEO plugin v27.4 - https:\/\/yoast.com\/product\/yoast-seo-wordpress\/ -->\n<title>Home - Beco do Alem\u00e3o<\/title>\n<meta name=\"robots\" content=\"index, follow, max-snippet:-1, max-image-preview:large, max-video-preview:-1\" \/>\n<meta property=\"og:locale\" content=\"pt_BR\" \/>\n<meta property=\"og:type\" content=\"article\" \/>\n<meta property=\"og:title\" content=\"Home - Beco do Alem\u00e3o\" \/>\n<meta property=\"og:url\" content=\"https:\/\/becodoalemao.com.br\/\" \/>\n<meta property=\"og:site_name\" content=\"Beco do Alem\u00e3o\" \/>\n<meta property=\"article:modified_time\" content=\"2024-07-22T14:23:51+00:00\" \/>\n<meta property=\"og:image\" content=\"http:\/\/becodoalemao.com.br\/wp-content\/uploads\/setembro-21-30.jpg\" \/>\n<meta name=\"twitter:card\" content=\"summary_large_image\" \/>\n<meta name=\"twitter:label1\" content=\"Est. tempo de leitura\" \/>\n\t<meta name=\"twitter:data1\" content=\"1 minuto\" \/>\n<script type=\"application\/ld+json\" class=\"yoast-schema-graph\">{\"@context\":\"https:\\\/\\\/schema.org\",\"@graph\":[{\"@type\":\"WebPage\",\"@id\":\"https:\\\/\\\/becodoalemao.com.br\\\/\",\"url\":\"https:\\\/\\\/becodoalemao.com.br\\\/\",\"name\":\"Home - Beco do Alem\u00e3o\",\"isPartOf\":{\"@id\":\"https:\\\/\\\/becodoalemao.com.br\\\/#website\"},\"primaryImageOfPage\":{\"@id\":\"https:\\\/\\\/becodoalemao.com.br\\\/#primaryimage\"},\"image\":{\"@id\":\"https:\\\/\\\/becodoalemao.com.br\\\/#primaryimage\"},\"thumbnailUrl\":\"http:\\\/\\\/becodoalemao.com.br\\\/wp-content\\\/uploads\\\/setembro-21-30.jpg\",\"datePublished\":\"2014-06-26T07:26:50+00:00\",\"dateModified\":\"2024-07-22T14:23:51+00:00\",\"breadcrumb\":{\"@id\":\"https:\\\/\\\/becodoalemao.com.br\\\/#breadcrumb\"},\"inLanguage\":\"pt-BR\",\"potentialAction\":[{\"@type\":\"ReadAction\",\"target\":[\"https:\\\/\\\/becodoalemao.com.br\\\/\"]}]},{\"@type\":\"ImageObject\",\"inLanguage\":\"pt-BR\",\"@id\":\"https:\\\/\\\/becodoalemao.com.br\\\/#primaryimage\",\"url\":\"http:\\\/\\\/becodoalemao.com.br\\\/wp-content\\\/uploads\\\/setembro-21-30.jpg\",\"contentUrl\":\"http:\\\/\\\/becodoalemao.com.br\\\/wp-content\\\/uploads\\\/setembro-21-30.jpg\"},{\"@type\":\"BreadcrumbList\",\"@id\":\"https:\\\/\\\/becodoalemao.com.br\\\/#breadcrumb\",\"itemListElement\":[{\"@type\":\"ListItem\",\"position\":1,\"name\":\"In\u00edcio\",\"item\":\"https:\\\/\\\/becodoalemao.com.br\\\/\"},{\"@type\":\"ListItem\",\"position\":2,\"name\":\"Home\"}]},{\"@type\":\"WebSite\",\"@id\":\"https:\\\/\\\/becodoalemao.com.br\\\/#website\",\"url\":\"https:\\\/\\\/becodoalemao.com.br\\\/\",\"name\":\"Beco do Alem\u00e3o\",\"description\":\"Restaurante\",\"publisher\":{\"@id\":\"https:\\\/\\\/becodoalemao.com.br\\\/#organization\"},\"potentialAction\":[{\"@type\":\"SearchAction\",\"target\":{\"@type\":\"EntryPoint\",\"urlTemplate\":\"https:\\\/\\\/becodoalemao.com.br\\\/?s={search_term_string}\"},\"query-input\":{\"@type\":\"PropertyValueSpecification\",\"valueRequired\":true,\"valueName\":\"search_term_string\"}}],\"inLanguage\":\"pt-BR\"},{\"@type\":\"Organization\",\"@id\":\"https:\\\/\\\/becodoalemao.com.br\\\/#organization\",\"name\":\"Beco do Alem\u00e3o\",\"url\":\"https:\\\/\\\/becodoalemao.com.br\\\/\",\"logo\":{\"@type\":\"ImageObject\",\"inLanguage\":\"pt-BR\",\"@id\":\"https:\\\/\\\/becodoalemao.com.br\\\/#\\\/schema\\\/logo\\\/image\\\/\",\"url\":\"https:\\\/\\\/becodoalemao.com.br\\\/wp-content\\\/uploads\\\/cropped-logo-beco-2-editada.png\",\"contentUrl\":\"https:\\\/\\\/becodoalemao.com.br\\\/wp-content\\\/uploads\\\/cropped-logo-beco-2-editada.png\",\"width\":512,\"height\":512,\"caption\":\"Beco do Alem\u00e3o\"},\"image\":{\"@id\":\"https:\\\/\\\/becodoalemao.com.br\\\/#\\\/schema\\\/logo\\\/image\\\/\"}}]}<\/script>\n<!-- \/ Yoast SEO plugin. -->","yoast_head_json":{"title":"Home - Beco do Alem\u00e3o","robots":{"index":"index","follow":"follow","max-snippet":"max-snippet:-1","max-image-preview":"max-image-preview:large","max-video-preview":"max-video-preview:-1"},"og_locale":"pt_BR","og_type":"article","og_title":"Home - Beco do Alem\u00e3o","og_url":"https:\/\/becodoalemao.com.br\/","og_site_name":"Beco do Alem\u00e3o","article_modified_time":"2024-07-22T14:23:51+00:00","og_image":[{"url":"http:\/\/becodoalemao.com.br\/wp-content\/uploads\/setembro-21-30.jpg","type":"","width":"","height":""}],"twitter_card":"summary_large_image","twitter_misc":{"Est. tempo de leitura":"1 minuto"},"schema":{"@context":"https:\/\/schema.org","@graph":[{"@type":"WebPage","@id":"https:\/\/becodoalemao.com.br\/","url":"https:\/\/becodoalemao.com.br\/","name":"Home - Beco do Alem\u00e3o","isPartOf":{"@id":"https:\/\/becodoalemao.com.br\/#website"},"primaryImageOfPage":{"@id":"https:\/\/becodoalemao.com.br\/#primaryimage"},"image":{"@id":"https:\/\/becodoalemao.com.br\/#primaryimage"},"thumbnailUrl":"http:\/\/becodoalemao.com.br\/wp-content\/uploads\/setembro-21-30.jpg","datePublished":"2014-06-26T07:26:50+00:00","dateModified":"2024-07-22T14:23:51+00:00","breadcrumb":{"@id":"https:\/\/becodoalemao.com.br\/#breadcrumb"},"inLanguage":"pt-BR","potentialAction":[{"@type":"ReadAction","target":["https:\/\/becodoalemao.com.br\/"]}]},{"@type":"ImageObject","inLanguage":"pt-BR","@id":"https:\/\/becodoalemao.com.br\/#primaryimage","url":"http:\/\/becodoalemao.com.br\/wp-content\/uploads\/setembro-21-30.jpg","contentUrl":"http:\/\/becodoalemao.com.br\/wp-content\/uploads\/setembro-21-30.jpg"},{"@type":"BreadcrumbList","@id":"https:\/\/becodoalemao.com.br\/#breadcrumb","itemListElement":[{"@type":"ListItem","position":1,"name":"In\u00edcio","item":"https:\/\/becodoalemao.com.br\/"},{"@type":"ListItem","position":2,"name":"Home"}]},{"@type":"WebSite","@id":"https:\/\/becodoalemao.com.br\/#website","url":"https:\/\/becodoalemao.com.br\/","name":"Beco do Alem\u00e3o","description":"Restaurante","publisher":{"@id":"https:\/\/becodoalemao.com.br\/#organization"},"potentialAction":[{"@type":"SearchAction","target":{"@type":"EntryPoint","urlTemplate":"https:\/\/becodoalemao.com.br\/?s={search_term_string}"},"query-input":{"@type":"PropertyValueSpecification","valueRequired":true,"valueName":"search_term_string"}}],"inLanguage":"pt-BR"},{"@type":"Organization","@id":"https:\/\/becodoalemao.com.br\/#organization","name":"Beco do Alem\u00e3o","url":"https:\/\/becodoalemao.com.br\/","logo":{"@type":"ImageObject","inLanguage":"pt-BR","@id":"https:\/\/becodoalemao.com.br\/#\/schema\/logo\/image\/","url":"https:\/\/becodoalemao.com.br\/wp-content\/uploads\/cropped-logo-beco-2-editada.png","contentUrl":"https:\/\/becodoalemao.com.br\/wp-content\/uploads\/cropped-logo-beco-2-editada.png","width":512,"height":512,"caption":"Beco do Alem\u00e3o"},"image":{"@id":"https:\/\/becodoalemao.com.br\/#\/schema\/logo\/image\/"}}]}},"_links":{"self":[{"href":"https:\/\/becodoalemao.com.br\/index.php?rest_route=\/wp\/v2\/pages\/321","targetHints":{"allow":["GET"]}}],"collection":[{"href":"https:\/\/becodoalemao.com.br\/index.php?rest_route=\/wp\/v2\/pages"}],"about":[{"href":"https:\/\/becodoalemao.com.br\/index.php?rest_route=\/wp\/v2\/types\/page"}],"author":[{"embeddable":true,"href":"https:\/\/becodoalemao.com.br\/index.php?rest_route=\/wp\/v2\/users\/1"}],"replies":[{"embeddable":true,"href":"https:\/\/becodoalemao.com.br\/index.php?rest_route=%2Fwp%2Fv2%2Fcomments&post=321"}],"version-history":[{"count":17,"href":"https:\/\/becodoalemao.com.br\/index.php?rest_route=\/wp\/v2\/pages\/321\/revisions"}],"predecessor-version":[{"id":2326,"href":"https:\/\/becodoalemao.com.br\/index.php?rest_route=\/wp\/v2\/pages\/321\/revisions\/2326"}],"wp:attachment":[{"href":"https:\/\/becodoalemao.com.br\/index.php?rest_route=%2Fwp%2Fv2%2Fmedia&parent=321"}],"curies":[{"name":"wp","href":"https:\/\/api.w.org\/{rel}","templated":true}]}}