{"id":2370,"date":"2023-02-11T02:23:06","date_gmt":"2023-02-11T02:23:06","guid":{"rendered":"https:\/\/becodoalemao.com.br\/?page_id=2370"},"modified":"2023-02-11T03:05:11","modified_gmt":"2023-02-11T03:05:11","slug":"mix-do-beco","status":"publish","type":"page","link":"https:\/\/becodoalemao.com.br\/?page_id=2370","title":{"rendered":"Mix do Beco"},"content":{"rendered":"<div class=\"pixcode  pixcode--grid  grid  \">\n\n\n\n<div class=\"grid__item six-twelfths palm-one-whole \">\n\n<p>J\u00e1 conhece nossa loja de vinhos ? O Mix do Beco  \u00e9  nossa loja \/ adega que conta com mais de  500 r\u00f3tulos de vinhos nacionais e importados  a pre\u00e7os super especiais . E o melhor voc\u00ea pode comprar para harmonizar na sua refei\u00e7\u00e3o, levar para casa ou pedir em casa<\/p>\n\n<\/div>\n\n\n\n<div class=\"grid__item six-twelfths palm-one-whole \">\n\n\n\n\n<figure class=\"wp-block-gallery has-nested-images columns-2 is-cropped wp-block-gallery-1 is-layout-flex wp-block-gallery-is-layout-flex\">\n<figure class=\"wp-block-image size-large\"><a href=\"https:\/\/becodoalemao.com.br\/wp-content\/uploads\/jan-23-46-1.jpg\"><img fetchpriority=\"high\" decoding=\"async\" width=\"1024\" height=\"683\" data-id=\"2372\" src=\"https:\/\/becodoalemao.com.br\/wp-content\/uploads\/jan-23-46-1-1024x683.jpg\" alt=\"\" class=\"wp-image-2372\" srcset=\"https:\/\/becodoalemao.com.br\/wp-content\/uploads\/jan-23-46-1-1024x683.jpg 1024w, https:\/\/becodoalemao.com.br\/wp-content\/uploads\/jan-23-46-1-300x200.jpg 300w, https:\/\/becodoalemao.com.br\/wp-content\/uploads\/jan-23-46-1-768x512.jpg 768w, https:\/\/becodoalemao.com.br\/wp-content\/uploads\/jan-23-46-1-1536x1024.jpg 1536w, https:\/\/becodoalemao.com.br\/wp-content\/uploads\/jan-23-46-1-1200x800.jpg 1200w, https:\/\/becodoalemao.com.br\/wp-content\/uploads\/jan-23-46-1-900x600.jpg 900w, https:\/\/becodoalemao.com.br\/wp-content\/uploads\/jan-23-46-1-400x267.jpg 400w, https:\/\/becodoalemao.com.br\/wp-content\/uploads\/jan-23-46-1.jpg 2048w\" sizes=\"(max-width: 1024px) 100vw, 1024px\" \/><\/a><\/figure>\n\n\n\n<figure class=\"wp-block-image size-large\"><a href=\"https:\/\/becodoalemao.com.br\/wp-content\/uploads\/jan-23-48-1.jpg\"><img decoding=\"async\" width=\"1024\" height=\"683\" data-id=\"2373\" src=\"https:\/\/becodoalemao.com.br\/wp-content\/uploads\/jan-23-48-1-1024x683.jpg\" alt=\"\" class=\"wp-image-2373\" srcset=\"https:\/\/becodoalemao.com.br\/wp-content\/uploads\/jan-23-48-1-1024x683.jpg 1024w, https:\/\/becodoalemao.com.br\/wp-content\/uploads\/jan-23-48-1-300x200.jpg 300w, https:\/\/becodoalemao.com.br\/wp-content\/uploads\/jan-23-48-1-768x512.jpg 768w, https:\/\/becodoalemao.com.br\/wp-content\/uploads\/jan-23-48-1-1536x1024.jpg 1536w, https:\/\/becodoalemao.com.br\/wp-content\/uploads\/jan-23-48-1-1200x800.jpg 1200w, https:\/\/becodoalemao.com.br\/wp-content\/uploads\/jan-23-48-1-900x600.jpg 900w, https:\/\/becodoalemao.com.br\/wp-content\/uploads\/jan-23-48-1-400x267.jpg 400w, https:\/\/becodoalemao.com.br\/wp-content\/uploads\/jan-23-48-1.jpg 2048w\" sizes=\"(max-width: 1024px) 100vw, 1024px\" \/><\/a><\/figure>\n\n\n\n<figure class=\"wp-block-image size-large\"><a href=\"https:\/\/becodoalemao.com.br\/wp-content\/uploads\/jan-23-59.jpg\"><img decoding=\"async\" width=\"1024\" height=\"683\" data-id=\"2408\" src=\"https:\/\/becodoalemao.com.br\/wp-content\/uploads\/jan-23-59-1024x683.jpg\" alt=\"\" class=\"wp-image-2408\" srcset=\"https:\/\/becodoalemao.com.br\/wp-content\/uploads\/jan-23-59-1024x683.jpg 1024w, https:\/\/becodoalemao.com.br\/wp-content\/uploads\/jan-23-59-300x200.jpg 300w, https:\/\/becodoalemao.com.br\/wp-content\/uploads\/jan-23-59-768x512.jpg 768w, https:\/\/becodoalemao.com.br\/wp-content\/uploads\/jan-23-59-1536x1024.jpg 1536w, https:\/\/becodoalemao.com.br\/wp-content\/uploads\/jan-23-59-1200x800.jpg 1200w, https:\/\/becodoalemao.com.br\/wp-content\/uploads\/jan-23-59-900x600.jpg 900w, https:\/\/becodoalemao.com.br\/wp-content\/uploads\/jan-23-59-400x267.jpg 400w, https:\/\/becodoalemao.com.br\/wp-content\/uploads\/jan-23-59.jpg 2048w\" sizes=\"(max-width: 1024px) 100vw, 1024px\" \/><\/a><\/figure>\n\n\n\n<figure class=\"wp-block-image size-large\"><a href=\"https:\/\/becodoalemao.com.br\/wp-content\/uploads\/beco-marco-51-1.jpg\"><img loading=\"lazy\" decoding=\"async\" width=\"1024\" height=\"683\" data-id=\"2375\" src=\"https:\/\/becodoalemao.com.br\/wp-content\/uploads\/beco-marco-51-1-1024x683.jpg\" alt=\"\" class=\"wp-image-2375\" srcset=\"https:\/\/becodoalemao.com.br\/wp-content\/uploads\/beco-marco-51-1-1024x683.jpg 1024w, https:\/\/becodoalemao.com.br\/wp-content\/uploads\/beco-marco-51-1-300x200.jpg 300w, https:\/\/becodoalemao.com.br\/wp-content\/uploads\/beco-marco-51-1-768x512.jpg 768w, https:\/\/becodoalemao.com.br\/wp-content\/uploads\/beco-marco-51-1-1536x1024.jpg 1536w, https:\/\/becodoalemao.com.br\/wp-content\/uploads\/beco-marco-51-1-1200x800.jpg 1200w, https:\/\/becodoalemao.com.br\/wp-content\/uploads\/beco-marco-51-1-900x600.jpg 900w, https:\/\/becodoalemao.com.br\/wp-content\/uploads\/beco-marco-51-1-400x267.jpg 400w, https:\/\/becodoalemao.com.br\/wp-content\/uploads\/beco-marco-51-1.jpg 2048w\" sizes=\"(max-width: 1024px) 100vw, 1024px\" \/><\/a><\/figure>\n<\/figure>\n\n\n\n\n<\/div>\n\n\n\n\n\n<\/div>\n\n","protected":false},"excerpt":{"rendered":"","protected":false},"author":1,"featured_media":2374,"parent":0,"menu_order":0,"comment_status":"closed","ping_status":"closed","template":"","meta":{"footnotes":""},"class_list":["post-2370","page","type-page","status-publish","has-post-thumbnail","hentry"],"yoast_head":"<!-- This site is optimized with the Yoast SEO plugin v27.4 - https:\/\/yoast.com\/product\/yoast-seo-wordpress\/ -->\n<title>Mix do Beco - Beco do Alem\u00e3o<\/title>\n<meta name=\"robots\" content=\"index, follow, max-snippet:-1, max-image-preview:large, max-video-preview:-1\" \/>\n<meta property=\"og:locale\" content=\"pt_BR\" \/>\n<meta property=\"og:type\" content=\"article\" \/>\n<meta property=\"og:title\" content=\"Mix do Beco - Beco do Alem\u00e3o\" \/>\n<meta property=\"og:url\" content=\"https:\/\/becodoalemao.com.br\/?page_id=2370\" \/>\n<meta property=\"og:site_name\" content=\"Beco do Alem\u00e3o\" \/>\n<meta property=\"article:modified_time\" content=\"2023-02-11T03:05:11+00:00\" \/>\n<meta property=\"og:image\" content=\"https:\/\/becodoalemao.com.br\/wp-content\/uploads\/jan-23-53-1-1024x683.jpg\" \/>\n\t<meta property=\"og:image:width\" content=\"1024\" \/>\n\t<meta property=\"og:image:height\" content=\"683\" \/>\n\t<meta property=\"og:image:type\" content=\"image\/jpeg\" \/>\n<meta name=\"twitter:card\" content=\"summary_large_image\" \/>\n<script type=\"application\/ld+json\" class=\"yoast-schema-graph\">{\"@context\":\"https:\\\/\\\/schema.org\",\"@graph\":[{\"@type\":\"WebPage\",\"@id\":\"https:\\\/\\\/becodoalemao.com.br\\\/?page_id=2370\",\"url\":\"https:\\\/\\\/becodoalemao.com.br\\\/?page_id=2370\",\"name\":\"Mix do Beco - Beco do Alem\u00e3o\",\"isPartOf\":{\"@id\":\"https:\\\/\\\/becodoalemao.com.br\\\/#website\"},\"primaryImageOfPage\":{\"@id\":\"https:\\\/\\\/becodoalemao.com.br\\\/?page_id=2370#primaryimage\"},\"image\":{\"@id\":\"https:\\\/\\\/becodoalemao.com.br\\\/?page_id=2370#primaryimage\"},\"thumbnailUrl\":\"https:\\\/\\\/becodoalemao.com.br\\\/wp-content\\\/uploads\\\/jan-23-53-1.jpg\",\"datePublished\":\"2023-02-11T02:23:06+00:00\",\"dateModified\":\"2023-02-11T03:05:11+00:00\",\"breadcrumb\":{\"@id\":\"https:\\\/\\\/becodoalemao.com.br\\\/?page_id=2370#breadcrumb\"},\"inLanguage\":\"pt-BR\",\"potentialAction\":[{\"@type\":\"ReadAction\",\"target\":[\"https:\\\/\\\/becodoalemao.com.br\\\/?page_id=2370\"]}]},{\"@type\":\"ImageObject\",\"inLanguage\":\"pt-BR\",\"@id\":\"https:\\\/\\\/becodoalemao.com.br\\\/?page_id=2370#primaryimage\",\"url\":\"https:\\\/\\\/becodoalemao.com.br\\\/wp-content\\\/uploads\\\/jan-23-53-1.jpg\",\"contentUrl\":\"https:\\\/\\\/becodoalemao.com.br\\\/wp-content\\\/uploads\\\/jan-23-53-1.jpg\",\"width\":2048,\"height\":1365},{\"@type\":\"BreadcrumbList\",\"@id\":\"https:\\\/\\\/becodoalemao.com.br\\\/?page_id=2370#breadcrumb\",\"itemListElement\":[{\"@type\":\"ListItem\",\"position\":1,\"name\":\"In\u00edcio\",\"item\":\"https:\\\/\\\/becodoalemao.com.br\\\/\"},{\"@type\":\"ListItem\",\"position\":2,\"name\":\"Mix do Beco\"}]},{\"@type\":\"WebSite\",\"@id\":\"https:\\\/\\\/becodoalemao.com.br\\\/#website\",\"url\":\"https:\\\/\\\/becodoalemao.com.br\\\/\",\"name\":\"Beco do Alem\u00e3o\",\"description\":\"Restaurante\",\"publisher\":{\"@id\":\"https:\\\/\\\/becodoalemao.com.br\\\/#organization\"},\"potentialAction\":[{\"@type\":\"SearchAction\",\"target\":{\"@type\":\"EntryPoint\",\"urlTemplate\":\"https:\\\/\\\/becodoalemao.com.br\\\/?s={search_term_string}\"},\"query-input\":{\"@type\":\"PropertyValueSpecification\",\"valueRequired\":true,\"valueName\":\"search_term_string\"}}],\"inLanguage\":\"pt-BR\"},{\"@type\":\"Organization\",\"@id\":\"https:\\\/\\\/becodoalemao.com.br\\\/#organization\",\"name\":\"Beco do Alem\u00e3o\",\"url\":\"https:\\\/\\\/becodoalemao.com.br\\\/\",\"logo\":{\"@type\":\"ImageObject\",\"inLanguage\":\"pt-BR\",\"@id\":\"https:\\\/\\\/becodoalemao.com.br\\\/#\\\/schema\\\/logo\\\/image\\\/\",\"url\":\"https:\\\/\\\/becodoalemao.com.br\\\/wp-content\\\/uploads\\\/cropped-logo-beco-2-editada.png\",\"contentUrl\":\"https:\\\/\\\/becodoalemao.com.br\\\/wp-content\\\/uploads\\\/cropped-logo-beco-2-editada.png\",\"width\":512,\"height\":512,\"caption\":\"Beco do Alem\u00e3o\"},\"image\":{\"@id\":\"https:\\\/\\\/becodoalemao.com.br\\\/#\\\/schema\\\/logo\\\/image\\\/\"}}]}<\/script>\n<!-- \/ Yoast SEO plugin. -->","yoast_head_json":{"title":"Mix do Beco - Beco do Alem\u00e3o","robots":{"index":"index","follow":"follow","max-snippet":"max-snippet:-1","max-image-preview":"max-image-preview:large","max-video-preview":"max-video-preview:-1"},"og_locale":"pt_BR","og_type":"article","og_title":"Mix do Beco - Beco do Alem\u00e3o","og_url":"https:\/\/becodoalemao.com.br\/?page_id=2370","og_site_name":"Beco do Alem\u00e3o","article_modified_time":"2023-02-11T03:05:11+00:00","og_image":[{"width":1024,"height":683,"url":"https:\/\/becodoalemao.com.br\/wp-content\/uploads\/jan-23-53-1-1024x683.jpg","type":"image\/jpeg"}],"twitter_card":"summary_large_image","schema":{"@context":"https:\/\/schema.org","@graph":[{"@type":"WebPage","@id":"https:\/\/becodoalemao.com.br\/?page_id=2370","url":"https:\/\/becodoalemao.com.br\/?page_id=2370","name":"Mix do Beco - Beco do Alem\u00e3o","isPartOf":{"@id":"https:\/\/becodoalemao.com.br\/#website"},"primaryImageOfPage":{"@id":"https:\/\/becodoalemao.com.br\/?page_id=2370#primaryimage"},"image":{"@id":"https:\/\/becodoalemao.com.br\/?page_id=2370#primaryimage"},"thumbnailUrl":"https:\/\/becodoalemao.com.br\/wp-content\/uploads\/jan-23-53-1.jpg","datePublished":"2023-02-11T02:23:06+00:00","dateModified":"2023-02-11T03:05:11+00:00","breadcrumb":{"@id":"https:\/\/becodoalemao.com.br\/?page_id=2370#breadcrumb"},"inLanguage":"pt-BR","potentialAction":[{"@type":"ReadAction","target":["https:\/\/becodoalemao.com.br\/?page_id=2370"]}]},{"@type":"ImageObject","inLanguage":"pt-BR","@id":"https:\/\/becodoalemao.com.br\/?page_id=2370#primaryimage","url":"https:\/\/becodoalemao.com.br\/wp-content\/uploads\/jan-23-53-1.jpg","contentUrl":"https:\/\/becodoalemao.com.br\/wp-content\/uploads\/jan-23-53-1.jpg","width":2048,"height":1365},{"@type":"BreadcrumbList","@id":"https:\/\/becodoalemao.com.br\/?page_id=2370#breadcrumb","itemListElement":[{"@type":"ListItem","position":1,"name":"In\u00edcio","item":"https:\/\/becodoalemao.com.br\/"},{"@type":"ListItem","position":2,"name":"Mix do Beco"}]},{"@type":"WebSite","@id":"https:\/\/becodoalemao.com.br\/#website","url":"https:\/\/becodoalemao.com.br\/","name":"Beco do Alem\u00e3o","description":"Restaurante","publisher":{"@id":"https:\/\/becodoalemao.com.br\/#organization"},"potentialAction":[{"@type":"SearchAction","target":{"@type":"EntryPoint","urlTemplate":"https:\/\/becodoalemao.com.br\/?s={search_term_string}"},"query-input":{"@type":"PropertyValueSpecification","valueRequired":true,"valueName":"search_term_string"}}],"inLanguage":"pt-BR"},{"@type":"Organization","@id":"https:\/\/becodoalemao.com.br\/#organization","name":"Beco do Alem\u00e3o","url":"https:\/\/becodoalemao.com.br\/","logo":{"@type":"ImageObject","inLanguage":"pt-BR","@id":"https:\/\/becodoalemao.com.br\/#\/schema\/logo\/image\/","url":"https:\/\/becodoalemao.com.br\/wp-content\/uploads\/cropped-logo-beco-2-editada.png","contentUrl":"https:\/\/becodoalemao.com.br\/wp-content\/uploads\/cropped-logo-beco-2-editada.png","width":512,"height":512,"caption":"Beco do Alem\u00e3o"},"image":{"@id":"https:\/\/becodoalemao.com.br\/#\/schema\/logo\/image\/"}}]}},"_links":{"self":[{"href":"https:\/\/becodoalemao.com.br\/index.php?rest_route=\/wp\/v2\/pages\/2370","targetHints":{"allow":["GET"]}}],"collection":[{"href":"https:\/\/becodoalemao.com.br\/index.php?rest_route=\/wp\/v2\/pages"}],"about":[{"href":"https:\/\/becodoalemao.com.br\/index.php?rest_route=\/wp\/v2\/types\/page"}],"author":[{"embeddable":true,"href":"https:\/\/becodoalemao.com.br\/index.php?rest_route=\/wp\/v2\/users\/1"}],"replies":[{"embeddable":true,"href":"https:\/\/becodoalemao.com.br\/index.php?rest_route=%2Fwp%2Fv2%2Fcomments&post=2370"}],"version-history":[{"count":5,"href":"https:\/\/becodoalemao.com.br\/index.php?rest_route=\/wp\/v2\/pages\/2370\/revisions"}],"predecessor-version":[{"id":2461,"href":"https:\/\/becodoalemao.com.br\/index.php?rest_route=\/wp\/v2\/pages\/2370\/revisions\/2461"}],"wp:featuredmedia":[{"embeddable":true,"href":"https:\/\/becodoalemao.com.br\/index.php?rest_route=\/wp\/v2\/media\/2374"}],"wp:attachment":[{"href":"https:\/\/becodoalemao.com.br\/index.php?rest_route=%2Fwp%2Fv2%2Fmedia&parent=2370"}],"curies":[{"name":"wp","href":"https:\/\/api.w.org\/{rel}","templated":true}]}}