{"id":2039,"date":"2023-02-09T03:19:28","date_gmt":"2023-02-09T03:19:28","guid":{"rendered":"https:\/\/becodoalemao.com.br\/?page_id=2039"},"modified":"2024-09-18T22:08:49","modified_gmt":"2024-09-18T22:08:49","slug":"evento-2-tester","status":"publish","type":"page","link":"https:\/\/becodoalemao.com.br\/?page_id=2039","title":{"rendered":"Eventos"},"content":{"rendered":"\t\t<div data-elementor-type=\"wp-page\" data-elementor-id=\"2039\" class=\"elementor elementor-2039\">\n\t\t\t\t\t\t<section class=\"elementor-section elementor-top-section elementor-element elementor-element-259e213 elementor-section-boxed elementor-section-height-default elementor-section-height-default\" data-id=\"259e213\" data-element_type=\"section\" data-e-type=\"section\">\n\t\t\t\t\t\t<div class=\"elementor-container elementor-column-gap-default\">\n\t\t\t\t\t<div class=\"elementor-column elementor-col-100 elementor-top-column elementor-element elementor-element-08c4987\" data-id=\"08c4987\" data-element_type=\"column\" data-e-type=\"column\">\n\t\t\t<div class=\"elementor-widget-wrap elementor-element-populated\">\n\t\t\t\t\t\t<div class=\"elementor-element elementor-element-b7b6456 elementor-widget elementor-widget-etn-event\" data-id=\"b7b6456\" data-element_type=\"widget\" data-e-type=\"widget\" data-widget_type=\"etn-event.default\">\n\t\t\t\t<div class=\"elementor-widget-container\">\n\t\t\t\t\t<div class='etn-row etn-event-wrapper'>\n        <div class=\"etn-col-md-6 etn-col-lg-3\">\n        <div class=\"etn-event-item\">\n            <!-- thumbnail -->\n            <div class=\"etn-event-thumb\">\n                \n                <div class=\"etn-event-category\">\n                                    <\/div>\n                \t\t\t\t<span class=\"more-event-tag\">\n\t\t\t\t\t<svg width=\"13\" height=\"13\" viewBox=\"0 0 14 14\" fill=\"none\" xmlns=\"http:\/\/www.w3.org\/2000\/svg\">\n\t\t\t\t\t\t<path d=\"M11 6C11 8.76 8.76 11 6 11C3.24 11 1.555 8.22 1.555 8.22M1.555 8.22H3.815M1.555 8.22V10.72M1 6C1 3.24 3.22 1 6 1C9.335 1 11 3.78 11 3.78M11 3.78V1.28M11 3.78H8.78\"\n\t\t\t\t\t\t\tstroke=\"white\" stroke-width=\"1.3\" stroke-linecap=\"round\" stroke-linejoin=\"round\" \/>\n\t\t\t\t\t<\/svg>\n\t\t\t\t\tMore Events\t\t\t\t<\/span>\n\t\t            <\/div>\n            <!-- thumbnail start-->\n\n            <!-- content start-->\n            <div class=\"etn-event-content\">\n                \n                <h3 class=\"etn-title etn-event-title\"><a href=\"https:\/\/becodoalemao.com.br\/?etn=toda-sexta-musica-ao-vivo\">\n                    Toda sexta m\u00fasica ao vivo!<\/a>\n                <\/h3>\n                \n                <div class=\"etn-event-footer\">\n                    <div class=\"etn-event-date\">\n                        \t\t\t<span>\n\t\t\t\t<i class=\"etn-icon etn-calendar\"><\/i>\n\t\t\t\t20 de setembro de 2024\t\t\t<\/span>\n\t\t                    <\/div>\n                    <div class=\"etn-atend-btn\">\n                                                <a href=\"#\"  class=\"etn-btn etn-btn-border etn-event-expired\">Expired! <\/a>\n                                            <\/div>\n                <\/div>\n            <\/div>\n                        <!-- content end-->\n        <\/div>\n        <!-- etn event item end-->\n    <\/div>\n        <div class=\"etn-col-md-6 etn-col-lg-3\">\n        <div class=\"etn-event-item\">\n            <!-- thumbnail -->\n            <div class=\"etn-event-thumb\">\n                \n                <div class=\"etn-event-category\">\n                                    <\/div>\n                            <\/div>\n            <!-- thumbnail start-->\n\n            <!-- content start-->\n            <div class=\"etn-event-content\">\n                \n                <h3 class=\"etn-title etn-event-title\"><a href=\"https:\/\/becodoalemao.com.br\/?etn=toda-sexta-musica-ao-vivo-4\">\n                    Toda sexta m\u00fasica ao vivo!<\/a>\n                <\/h3>\n                \n                <div class=\"etn-event-footer\">\n                    <div class=\"etn-event-date\">\n                        \t\t\t<span>\n\t\t\t\t<i class=\"etn-icon etn-calendar\"><\/i>\n\t\t\t\t20 de setembro de 2024\t\t\t<\/span>\n\t\t                    <\/div>\n                    <div class=\"etn-atend-btn\">\n                                                <a href=\"#\"  class=\"etn-btn etn-btn-border etn-event-expired\">Expired! <\/a>\n                                            <\/div>\n                <\/div>\n            <\/div>\n                        <!-- content end-->\n        <\/div>\n        <!-- etn event item end-->\n    <\/div>\n        <div class=\"etn-col-md-6 etn-col-lg-3\">\n        <div class=\"etn-event-item\">\n            <!-- thumbnail -->\n            <div class=\"etn-event-thumb\">\n                \n                <div class=\"etn-event-category\">\n                                    <\/div>\n                \t\t\t\t<span class=\"more-event-tag\">\n\t\t\t\t\t<svg width=\"13\" height=\"13\" viewBox=\"0 0 14 14\" fill=\"none\" xmlns=\"http:\/\/www.w3.org\/2000\/svg\">\n\t\t\t\t\t\t<path d=\"M11 6C11 8.76 8.76 11 6 11C3.24 11 1.555 8.22 1.555 8.22M1.555 8.22H3.815M1.555 8.22V10.72M1 6C1 3.24 3.22 1 6 1C9.335 1 11 3.78 11 3.78M11 3.78V1.28M11 3.78H8.78\"\n\t\t\t\t\t\t\tstroke=\"white\" stroke-width=\"1.3\" stroke-linecap=\"round\" stroke-linejoin=\"round\" \/>\n\t\t\t\t\t<\/svg>\n\t\t\t\t\tMore Events\t\t\t\t<\/span>\n\t\t            <\/div>\n            <!-- thumbnail start-->\n\n            <!-- content start-->\n            <div class=\"etn-event-content\">\n                \n                <h3 class=\"etn-title etn-event-title\"><a href=\"https:\/\/becodoalemao.com.br\/?etn=todo-sabado-musica-ao-vivo-com-danca-de-salao\">\n                    Todo s\u00e1bado m\u00fasica ao vivo com dan\u00e7a de sal\u00e3o!<\/a>\n                <\/h3>\n                \n                <div class=\"etn-event-footer\">\n                    <div class=\"etn-event-date\">\n                        \t\t\t<span>\n\t\t\t\t<i class=\"etn-icon etn-calendar\"><\/i>\n\t\t\t\t21 de setembro de 2024\t\t\t<\/span>\n\t\t                    <\/div>\n                    <div class=\"etn-atend-btn\">\n                                                <a href=\"#\"  class=\"etn-btn etn-btn-border etn-event-expired\">Expired! <\/a>\n                                            <\/div>\n                <\/div>\n            <\/div>\n                        <!-- content end-->\n        <\/div>\n        <!-- etn event item end-->\n    <\/div>\n        <div class=\"etn-col-md-6 etn-col-lg-3\">\n        <div class=\"etn-event-item\">\n            <!-- thumbnail -->\n            <div class=\"etn-event-thumb\">\n                \n                <div class=\"etn-event-category\">\n                                    <\/div>\n                            <\/div>\n            <!-- thumbnail start-->\n\n            <!-- content start-->\n            <div class=\"etn-event-content\">\n                \n                <h3 class=\"etn-title etn-event-title\"><a href=\"https:\/\/becodoalemao.com.br\/?etn=toda-sexta-musica-ao-vivo-3\">\n                    Toda sexta m\u00fasica ao vivo!<\/a>\n                <\/h3>\n                \n                <div class=\"etn-event-footer\">\n                    <div class=\"etn-event-date\">\n                        \t\t\t<span>\n\t\t\t\t<i class=\"etn-icon etn-calendar\"><\/i>\n\t\t\t\t27 de setembro de 2024\t\t\t<\/span>\n\t\t                    <\/div>\n                    <div class=\"etn-atend-btn\">\n                                                <a href=\"#\"  class=\"etn-btn etn-btn-border etn-event-expired\">Expired! <\/a>\n                                            <\/div>\n                <\/div>\n            <\/div>\n                        <!-- content end-->\n        <\/div>\n        <!-- etn event item end-->\n    <\/div>\n    <\/div>\n\n\t\t\t\t<\/div>\n\t\t\t\t<\/div>\n\t\t\t\t\t<\/div>\n\t\t<\/div>\n\t\t\t\t\t<\/div>\n\t\t<\/section>\n\t\t\t\t<\/div>\n\t\t","protected":false},"excerpt":{"rendered":"<p>Toda sexta m\u00fasica ao vivo! 20 de setembro de 2024 Attend Todo s\u00e1bado m\u00fasica ao vivo com dan\u00e7a de sal\u00e3o! 21 de setembro de 2024 Attend<\/p>\n","protected":false},"author":1,"featured_media":2433,"parent":0,"menu_order":0,"comment_status":"closed","ping_status":"closed","template":"","meta":{"footnotes":""},"class_list":["post-2039","page","type-page","status-publish","has-post-thumbnail","hentry"],"yoast_head":"<!-- This site is optimized with the Yoast SEO plugin v27.4 - https:\/\/yoast.com\/product\/yoast-seo-wordpress\/ -->\n<title>Eventos - Beco do Alem\u00e3o<\/title>\n<meta name=\"robots\" content=\"index, follow, max-snippet:-1, max-image-preview:large, max-video-preview:-1\" \/>\n<meta property=\"og:locale\" content=\"pt_BR\" \/>\n<meta property=\"og:type\" content=\"article\" \/>\n<meta property=\"og:title\" content=\"Eventos - Beco do Alem\u00e3o\" \/>\n<meta property=\"og:description\" content=\"Toda sexta m\u00fasica ao vivo! 20 de setembro de 2024 Attend Todo s\u00e1bado m\u00fasica ao vivo com dan\u00e7a de sal\u00e3o! 21 de setembro de 2024 Attend\" \/>\n<meta property=\"og:url\" content=\"https:\/\/becodoalemao.com.br\/?page_id=2039\" \/>\n<meta property=\"og:site_name\" content=\"Beco do Alem\u00e3o\" \/>\n<meta property=\"article:modified_time\" content=\"2024-09-18T22:08:49+00:00\" \/>\n<meta property=\"og:image\" content=\"https:\/\/becodoalemao.com.br\/wp-content\/uploads\/topo-scaled.jpg\" \/>\n\t<meta property=\"og:image:width\" content=\"2560\" \/>\n\t<meta property=\"og:image:height\" content=\"597\" \/>\n\t<meta property=\"og:image:type\" content=\"image\/jpeg\" \/>\n<meta name=\"twitter:card\" content=\"summary_large_image\" \/>\n<meta name=\"twitter:label1\" content=\"Est. tempo de leitura\" \/>\n\t<meta name=\"twitter:data1\" content=\"1 minuto\" \/>\n<script type=\"application\/ld+json\" class=\"yoast-schema-graph\">{\"@context\":\"https:\\\/\\\/schema.org\",\"@graph\":[{\"@type\":\"WebPage\",\"@id\":\"https:\\\/\\\/becodoalemao.com.br\\\/?page_id=2039\",\"url\":\"https:\\\/\\\/becodoalemao.com.br\\\/?page_id=2039\",\"name\":\"Eventos - Beco do Alem\u00e3o\",\"isPartOf\":{\"@id\":\"https:\\\/\\\/becodoalemao.com.br\\\/#website\"},\"primaryImageOfPage\":{\"@id\":\"https:\\\/\\\/becodoalemao.com.br\\\/?page_id=2039#primaryimage\"},\"image\":{\"@id\":\"https:\\\/\\\/becodoalemao.com.br\\\/?page_id=2039#primaryimage\"},\"thumbnailUrl\":\"https:\\\/\\\/becodoalemao.com.br\\\/wp-content\\\/uploads\\\/topo-scaled.jpg\",\"datePublished\":\"2023-02-09T03:19:28+00:00\",\"dateModified\":\"2024-09-18T22:08:49+00:00\",\"breadcrumb\":{\"@id\":\"https:\\\/\\\/becodoalemao.com.br\\\/?page_id=2039#breadcrumb\"},\"inLanguage\":\"pt-BR\",\"potentialAction\":[{\"@type\":\"ReadAction\",\"target\":[\"https:\\\/\\\/becodoalemao.com.br\\\/?page_id=2039\"]}]},{\"@type\":\"ImageObject\",\"inLanguage\":\"pt-BR\",\"@id\":\"https:\\\/\\\/becodoalemao.com.br\\\/?page_id=2039#primaryimage\",\"url\":\"https:\\\/\\\/becodoalemao.com.br\\\/wp-content\\\/uploads\\\/topo-scaled.jpg\",\"contentUrl\":\"https:\\\/\\\/becodoalemao.com.br\\\/wp-content\\\/uploads\\\/topo-scaled.jpg\",\"width\":2560,\"height\":597},{\"@type\":\"BreadcrumbList\",\"@id\":\"https:\\\/\\\/becodoalemao.com.br\\\/?page_id=2039#breadcrumb\",\"itemListElement\":[{\"@type\":\"ListItem\",\"position\":1,\"name\":\"In\u00edcio\",\"item\":\"https:\\\/\\\/becodoalemao.com.br\\\/\"},{\"@type\":\"ListItem\",\"position\":2,\"name\":\"Eventos\"}]},{\"@type\":\"WebSite\",\"@id\":\"https:\\\/\\\/becodoalemao.com.br\\\/#website\",\"url\":\"https:\\\/\\\/becodoalemao.com.br\\\/\",\"name\":\"Beco do Alem\u00e3o\",\"description\":\"Restaurante\",\"publisher\":{\"@id\":\"https:\\\/\\\/becodoalemao.com.br\\\/#organization\"},\"potentialAction\":[{\"@type\":\"SearchAction\",\"target\":{\"@type\":\"EntryPoint\",\"urlTemplate\":\"https:\\\/\\\/becodoalemao.com.br\\\/?s={search_term_string}\"},\"query-input\":{\"@type\":\"PropertyValueSpecification\",\"valueRequired\":true,\"valueName\":\"search_term_string\"}}],\"inLanguage\":\"pt-BR\"},{\"@type\":\"Organization\",\"@id\":\"https:\\\/\\\/becodoalemao.com.br\\\/#organization\",\"name\":\"Beco do Alem\u00e3o\",\"url\":\"https:\\\/\\\/becodoalemao.com.br\\\/\",\"logo\":{\"@type\":\"ImageObject\",\"inLanguage\":\"pt-BR\",\"@id\":\"https:\\\/\\\/becodoalemao.com.br\\\/#\\\/schema\\\/logo\\\/image\\\/\",\"url\":\"https:\\\/\\\/becodoalemao.com.br\\\/wp-content\\\/uploads\\\/cropped-logo-beco-2-editada.png\",\"contentUrl\":\"https:\\\/\\\/becodoalemao.com.br\\\/wp-content\\\/uploads\\\/cropped-logo-beco-2-editada.png\",\"width\":512,\"height\":512,\"caption\":\"Beco do Alem\u00e3o\"},\"image\":{\"@id\":\"https:\\\/\\\/becodoalemao.com.br\\\/#\\\/schema\\\/logo\\\/image\\\/\"}}]}<\/script>\n<!-- \/ Yoast SEO plugin. -->","yoast_head_json":{"title":"Eventos - Beco do Alem\u00e3o","robots":{"index":"index","follow":"follow","max-snippet":"max-snippet:-1","max-image-preview":"max-image-preview:large","max-video-preview":"max-video-preview:-1"},"og_locale":"pt_BR","og_type":"article","og_title":"Eventos - Beco do Alem\u00e3o","og_description":"Toda sexta m\u00fasica ao vivo! 20 de setembro de 2024 Attend Todo s\u00e1bado m\u00fasica ao vivo com dan\u00e7a de sal\u00e3o! 21 de setembro de 2024 Attend","og_url":"https:\/\/becodoalemao.com.br\/?page_id=2039","og_site_name":"Beco do Alem\u00e3o","article_modified_time":"2024-09-18T22:08:49+00:00","og_image":[{"width":2560,"height":597,"url":"https:\/\/becodoalemao.com.br\/wp-content\/uploads\/topo-scaled.jpg","type":"image\/jpeg"}],"twitter_card":"summary_large_image","twitter_misc":{"Est. tempo de leitura":"1 minuto"},"schema":{"@context":"https:\/\/schema.org","@graph":[{"@type":"WebPage","@id":"https:\/\/becodoalemao.com.br\/?page_id=2039","url":"https:\/\/becodoalemao.com.br\/?page_id=2039","name":"Eventos - Beco do Alem\u00e3o","isPartOf":{"@id":"https:\/\/becodoalemao.com.br\/#website"},"primaryImageOfPage":{"@id":"https:\/\/becodoalemao.com.br\/?page_id=2039#primaryimage"},"image":{"@id":"https:\/\/becodoalemao.com.br\/?page_id=2039#primaryimage"},"thumbnailUrl":"https:\/\/becodoalemao.com.br\/wp-content\/uploads\/topo-scaled.jpg","datePublished":"2023-02-09T03:19:28+00:00","dateModified":"2024-09-18T22:08:49+00:00","breadcrumb":{"@id":"https:\/\/becodoalemao.com.br\/?page_id=2039#breadcrumb"},"inLanguage":"pt-BR","potentialAction":[{"@type":"ReadAction","target":["https:\/\/becodoalemao.com.br\/?page_id=2039"]}]},{"@type":"ImageObject","inLanguage":"pt-BR","@id":"https:\/\/becodoalemao.com.br\/?page_id=2039#primaryimage","url":"https:\/\/becodoalemao.com.br\/wp-content\/uploads\/topo-scaled.jpg","contentUrl":"https:\/\/becodoalemao.com.br\/wp-content\/uploads\/topo-scaled.jpg","width":2560,"height":597},{"@type":"BreadcrumbList","@id":"https:\/\/becodoalemao.com.br\/?page_id=2039#breadcrumb","itemListElement":[{"@type":"ListItem","position":1,"name":"In\u00edcio","item":"https:\/\/becodoalemao.com.br\/"},{"@type":"ListItem","position":2,"name":"Eventos"}]},{"@type":"WebSite","@id":"https:\/\/becodoalemao.com.br\/#website","url":"https:\/\/becodoalemao.com.br\/","name":"Beco do Alem\u00e3o","description":"Restaurante","publisher":{"@id":"https:\/\/becodoalemao.com.br\/#organization"},"potentialAction":[{"@type":"SearchAction","target":{"@type":"EntryPoint","urlTemplate":"https:\/\/becodoalemao.com.br\/?s={search_term_string}"},"query-input":{"@type":"PropertyValueSpecification","valueRequired":true,"valueName":"search_term_string"}}],"inLanguage":"pt-BR"},{"@type":"Organization","@id":"https:\/\/becodoalemao.com.br\/#organization","name":"Beco do Alem\u00e3o","url":"https:\/\/becodoalemao.com.br\/","logo":{"@type":"ImageObject","inLanguage":"pt-BR","@id":"https:\/\/becodoalemao.com.br\/#\/schema\/logo\/image\/","url":"https:\/\/becodoalemao.com.br\/wp-content\/uploads\/cropped-logo-beco-2-editada.png","contentUrl":"https:\/\/becodoalemao.com.br\/wp-content\/uploads\/cropped-logo-beco-2-editada.png","width":512,"height":512,"caption":"Beco do Alem\u00e3o"},"image":{"@id":"https:\/\/becodoalemao.com.br\/#\/schema\/logo\/image\/"}}]}},"_links":{"self":[{"href":"https:\/\/becodoalemao.com.br\/index.php?rest_route=\/wp\/v2\/pages\/2039","targetHints":{"allow":["GET"]}}],"collection":[{"href":"https:\/\/becodoalemao.com.br\/index.php?rest_route=\/wp\/v2\/pages"}],"about":[{"href":"https:\/\/becodoalemao.com.br\/index.php?rest_route=\/wp\/v2\/types\/page"}],"author":[{"embeddable":true,"href":"https:\/\/becodoalemao.com.br\/index.php?rest_route=\/wp\/v2\/users\/1"}],"replies":[{"embeddable":true,"href":"https:\/\/becodoalemao.com.br\/index.php?rest_route=%2Fwp%2Fv2%2Fcomments&post=2039"}],"version-history":[{"count":24,"href":"https:\/\/becodoalemao.com.br\/index.php?rest_route=\/wp\/v2\/pages\/2039\/revisions"}],"predecessor-version":[{"id":2783,"href":"https:\/\/becodoalemao.com.br\/index.php?rest_route=\/wp\/v2\/pages\/2039\/revisions\/2783"}],"wp:featuredmedia":[{"embeddable":true,"href":"https:\/\/becodoalemao.com.br\/index.php?rest_route=\/wp\/v2\/media\/2433"}],"wp:attachment":[{"href":"https:\/\/becodoalemao.com.br\/index.php?rest_route=%2Fwp%2Fv2%2Fmedia&parent=2039"}],"curies":[{"name":"wp","href":"https:\/\/api.w.org\/{rel}","templated":true}]}}