{"id":1535,"date":"2023-01-31T18:26:50","date_gmt":"2023-01-31T18:26:50","guid":{"rendered":"https:\/\/becodoalemao.com.br\/?page_id=1535"},"modified":"2026-04-10T19:04:07","modified_gmt":"2026-04-10T19:04:07","slug":"rodizio-3-em-1-2","status":"publish","type":"page","link":"https:\/\/becodoalemao.com.br\/?page_id=1535","title":{"rendered":"Rod\u00edzio"},"content":{"rendered":"\t\t<div data-elementor-type=\"wp-page\" data-elementor-id=\"1535\" class=\"elementor elementor-1535\">\n\t\t\t\t\t\t<section class=\"elementor-section elementor-top-section elementor-element elementor-element-56232f2 elementor-section-boxed elementor-section-height-default elementor-section-height-default\" data-id=\"56232f2\" data-element_type=\"section\" data-e-type=\"section\">\n\t\t\t\t\t\t<div class=\"elementor-container elementor-column-gap-default\">\n\t\t\t\t\t<div class=\"elementor-column elementor-col-50 elementor-top-column elementor-element elementor-element-21ba49f\" data-id=\"21ba49f\" data-element_type=\"column\" data-e-type=\"column\">\n\t\t\t<div class=\"elementor-widget-wrap elementor-element-populated\">\n\t\t\t\t\t\t<div class=\"elementor-element elementor-element-5d75ae6 elementor-widget elementor-widget-text-editor\" data-id=\"5d75ae6\" data-element_type=\"widget\" data-e-type=\"widget\" data-widget_type=\"text-editor.default\">\n\t\t\t\t<div class=\"elementor-widget-container\">\n\t\t\t\t\t\t\t\t\t<p>J\u00e1 conhece nosso Festival de Rod\u00edzio do Beco?<\/p>\n<p>Pizza + buffet + japa roll + sobremesa&nbsp;<\/p>\n<p>De segunda \u00e0 quinta 59,90<\/p>\n<p>Sexta s\u00e1bado e feriado 69,90<\/p>\n<p>De segunda \u00e0 s\u00e1bado das 18:00h \u00e0s 22:30h<\/p>\n<p>T\u00e1 esperando o que para conhecer o nosso rod\u00edzio?<\/p>\t\t\t\t\t\t\t\t<\/div>\n\t\t\t\t<\/div>\n\t\t\t\t\t<\/div>\n\t\t<\/div>\n\t\t\t\t<div class=\"elementor-column elementor-col-50 elementor-top-column elementor-element elementor-element-dca5da6\" data-id=\"dca5da6\" data-element_type=\"column\" data-e-type=\"column\">\n\t\t\t<div class=\"elementor-widget-wrap elementor-element-populated\">\n\t\t\t\t\t\t<div class=\"elementor-element elementor-element-cdfa3c4 elementor-widget elementor-widget-image-gallery\" data-id=\"cdfa3c4\" data-element_type=\"widget\" data-e-type=\"widget\" data-widget_type=\"image-gallery.default\">\n\t\t\t\t<div class=\"elementor-widget-container\">\n\t\t\t\t\t\t\t<div class=\"elementor-image-gallery\">\n\t\t\t\n\t\t<style type='text\/css'>\n\t\t\t#gallery-0 {\n\t\t\t\tmargin: auto;\n\t\t\t}\n\t\t\t#gallery-0 .gallery-item {\n\t\t\t\tfloat: left;\n\t\t\t\ttext-align: center;\n\t\t\t\twidth: 33%;\n\t\t\t}\n\t\t\t\/* see gallery_shortcode() in wp-includes\/media.php *\/\n\t\t<\/style>\n\t\t<div id='gallery-0' class='gallery galleryid-1535 gallery-columns-3 gallery-size-thumbnail'><figure class='gallery-item'>\n\t\t\t<div class='gallery-icon portrait'>\n\t\t\t\t<a data-elementor-open-lightbox=\"yes\" data-elementor-lightbox-slideshow=\"cdfa3c4\" data-elementor-lightbox-title=\"Imagem do WhatsApp de 2025-09-13 \u00e0(s) 19.30.49_ba791681\" data-e-action-hash=\"#elementor-action%3Aaction%3Dlightbox%26settings%3DeyJpZCI6Mjg3OSwidXJsIjoiaHR0cHM6XC9cL2JlY29kb2FsZW1hby5jb20uYnJcL3dwLWNvbnRlbnRcL3VwbG9hZHNcL2ltYWdlbS1kby13aGF0c2FwcC1kZS0yMDI1LTA5LTEzLWFzLTE5LjMwLjQ5X2JhNzkxNjgxLmpwZyIsInNsaWRlc2hvdyI6ImNkZmEzYzQifQ%3D%3D\" data-title=\"Imagem do WhatsApp de 2025-09-13 \u00e0(s) 19.30.49_ba791681\" data-alt=\"\" href='https:\/\/becodoalemao.com.br\/wp-content\/uploads\/imagem-do-whatsapp-de-2025-09-13-as-19.30.49_ba791681.jpg'><img decoding=\"async\" width=\"150\" height=\"150\" src=\"https:\/\/becodoalemao.com.br\/wp-content\/uploads\/imagem-do-whatsapp-de-2025-09-13-as-19.30.49_ba791681-150x150.jpg\" class=\"attachment-thumbnail size-thumbnail\" alt=\"\" \/><\/a>\n\t\t\t<\/div><\/figure><figure class='gallery-item'>\n\t\t\t<div class='gallery-icon portrait'>\n\t\t\t\t<a data-elementor-open-lightbox=\"yes\" data-elementor-lightbox-slideshow=\"cdfa3c4\" data-elementor-lightbox-title=\"Imagem do WhatsApp de 2025-09-13 \u00e0(s) 19.30.49_740384a4\" data-e-action-hash=\"#elementor-action%3Aaction%3Dlightbox%26settings%3DeyJpZCI6Mjg3OCwidXJsIjoiaHR0cHM6XC9cL2JlY29kb2FsZW1hby5jb20uYnJcL3dwLWNvbnRlbnRcL3VwbG9hZHNcL2ltYWdlbS1kby13aGF0c2FwcC1kZS0yMDI1LTA5LTEzLWFzLTE5LjMwLjQ5Xzc0MDM4NGE0LmpwZyIsInNsaWRlc2hvdyI6ImNkZmEzYzQifQ%3D%3D\" data-title=\"Imagem do WhatsApp de 2025-09-13 \u00e0(s) 19.30.49_740384a4\" data-alt=\"\" href='https:\/\/becodoalemao.com.br\/wp-content\/uploads\/imagem-do-whatsapp-de-2025-09-13-as-19.30.49_740384a4.jpg'><img decoding=\"async\" width=\"150\" height=\"150\" src=\"https:\/\/becodoalemao.com.br\/wp-content\/uploads\/imagem-do-whatsapp-de-2025-09-13-as-19.30.49_740384a4-150x150.jpg\" class=\"attachment-thumbnail size-thumbnail\" alt=\"\" \/><\/a>\n\t\t\t<\/div><\/figure><figure class='gallery-item'>\n\t\t\t<div class='gallery-icon portrait'>\n\t\t\t\t<a data-elementor-open-lightbox=\"yes\" data-elementor-lightbox-slideshow=\"cdfa3c4\" data-elementor-lightbox-title=\"Imagem do WhatsApp de 2025-09-13 \u00e0(s) 19.30.49_674798d6\" data-e-action-hash=\"#elementor-action%3Aaction%3Dlightbox%26settings%3DeyJpZCI6Mjg3NywidXJsIjoiaHR0cHM6XC9cL2JlY29kb2FsZW1hby5jb20uYnJcL3dwLWNvbnRlbnRcL3VwbG9hZHNcL2ltYWdlbS1kby13aGF0c2FwcC1kZS0yMDI1LTA5LTEzLWFzLTE5LjMwLjQ5XzY3NDc5OGQ2LmpwZyIsInNsaWRlc2hvdyI6ImNkZmEzYzQifQ%3D%3D\" data-title=\"Imagem do WhatsApp de 2025-09-13 \u00e0(s) 19.30.49_674798d6\" data-alt=\"\" href='https:\/\/becodoalemao.com.br\/wp-content\/uploads\/imagem-do-whatsapp-de-2025-09-13-as-19.30.49_674798d6.jpg'><img decoding=\"async\" width=\"150\" height=\"150\" src=\"https:\/\/becodoalemao.com.br\/wp-content\/uploads\/imagem-do-whatsapp-de-2025-09-13-as-19.30.49_674798d6-150x150.jpg\" class=\"attachment-thumbnail size-thumbnail\" alt=\"\" \/><\/a>\n\t\t\t<\/div><\/figure><figure class='gallery-item'>\n\t\t\t<div class='gallery-icon portrait'>\n\t\t\t\t<a data-elementor-open-lightbox=\"yes\" data-elementor-lightbox-slideshow=\"cdfa3c4\" data-elementor-lightbox-title=\"Imagem do WhatsApp de 2025-09-13 \u00e0(s) 19.30.50_b1b1e251\" data-e-action-hash=\"#elementor-action%3Aaction%3Dlightbox%26settings%3DeyJpZCI6Mjg4MSwidXJsIjoiaHR0cHM6XC9cL2JlY29kb2FsZW1hby5jb20uYnJcL3dwLWNvbnRlbnRcL3VwbG9hZHNcL2ltYWdlbS1kby13aGF0c2FwcC1kZS0yMDI1LTA5LTEzLWFzLTE5LjMwLjUwX2IxYjFlMjUxLWUxNzU3OTU2ODcwNTQ4LmpwZyIsInNsaWRlc2hvdyI6ImNkZmEzYzQifQ%3D%3D\" data-title=\"Imagem do WhatsApp de 2025-09-13 \u00e0(s) 19.30.50_b1b1e251\" data-alt=\"\" href='https:\/\/becodoalemao.com.br\/wp-content\/uploads\/imagem-do-whatsapp-de-2025-09-13-as-19.30.50_b1b1e251-e1757956870548.jpg'><img loading=\"lazy\" decoding=\"async\" width=\"150\" height=\"150\" src=\"https:\/\/becodoalemao.com.br\/wp-content\/uploads\/imagem-do-whatsapp-de-2025-09-13-as-19.30.50_b1b1e251-e1757956870548-150x150.jpg\" class=\"attachment-thumbnail size-thumbnail\" alt=\"\" \/><\/a>\n\t\t\t<\/div><\/figure><figure class='gallery-item'>\n\t\t\t<div class='gallery-icon portrait'>\n\t\t\t\t<a data-elementor-open-lightbox=\"yes\" data-elementor-lightbox-slideshow=\"cdfa3c4\" data-elementor-lightbox-title=\"Imagem do WhatsApp de 2025-09-13 \u00e0(s) 19.30.50_35274215\" data-e-action-hash=\"#elementor-action%3Aaction%3Dlightbox%26settings%3DeyJpZCI6Mjg4MCwidXJsIjoiaHR0cHM6XC9cL2JlY29kb2FsZW1hby5jb20uYnJcL3dwLWNvbnRlbnRcL3VwbG9hZHNcL2ltYWdlbS1kby13aGF0c2FwcC1kZS0yMDI1LTA5LTEzLWFzLTE5LjMwLjUwXzM1Mjc0MjE1LmpwZyIsInNsaWRlc2hvdyI6ImNkZmEzYzQifQ%3D%3D\" data-title=\"Imagem do WhatsApp de 2025-09-13 \u00e0(s) 19.30.50_35274215\" data-alt=\"\" href='https:\/\/becodoalemao.com.br\/wp-content\/uploads\/imagem-do-whatsapp-de-2025-09-13-as-19.30.50_35274215.jpg'><img loading=\"lazy\" decoding=\"async\" width=\"150\" height=\"150\" src=\"https:\/\/becodoalemao.com.br\/wp-content\/uploads\/imagem-do-whatsapp-de-2025-09-13-as-19.30.50_35274215-150x150.jpg\" class=\"attachment-thumbnail size-thumbnail\" alt=\"\" \/><\/a>\n\t\t\t<\/div><\/figure><figure class='gallery-item'>\n\t\t\t<div class='gallery-icon portrait'>\n\t\t\t\t<a data-elementor-open-lightbox=\"yes\" data-elementor-lightbox-slideshow=\"cdfa3c4\" data-elementor-lightbox-title=\"Imagem do WhatsApp de 2025-09-13 \u00e0(s) 19.31.40_2a8cecd2\" data-e-action-hash=\"#elementor-action%3Aaction%3Dlightbox%26settings%3DeyJpZCI6Mjg4MiwidXJsIjoiaHR0cHM6XC9cL2JlY29kb2FsZW1hby5jb20uYnJcL3dwLWNvbnRlbnRcL3VwbG9hZHNcL2ltYWdlbS1kby13aGF0c2FwcC1kZS0yMDI1LTA5LTEzLWFzLTE5LjMxLjQwXzJhOGNlY2QyLmpwZyIsInNsaWRlc2hvdyI6ImNkZmEzYzQifQ%3D%3D\" data-title=\"Imagem do WhatsApp de 2025-09-13 \u00e0(s) 19.31.40_2a8cecd2\" data-alt=\"\" href='https:\/\/becodoalemao.com.br\/wp-content\/uploads\/imagem-do-whatsapp-de-2025-09-13-as-19.31.40_2a8cecd2.jpg'><img loading=\"lazy\" decoding=\"async\" width=\"150\" height=\"150\" src=\"https:\/\/becodoalemao.com.br\/wp-content\/uploads\/imagem-do-whatsapp-de-2025-09-13-as-19.31.40_2a8cecd2-150x150.jpg\" class=\"attachment-thumbnail size-thumbnail\" alt=\"\" \/><\/a>\n\t\t\t<\/div><\/figure>\n\t\t<\/div>\n\t\t<\/div>\n\t\t\t\t\t\t<\/div>\n\t\t\t\t<\/div>\n\t\t\t\t\t<\/div>\n\t\t<\/div>\n\t\t\t\t\t<\/div>\n\t\t<\/section>\n\t\t\t\t<\/div>\n\t\t","protected":false},"excerpt":{"rendered":"<p>J\u00e1 conhece nosso Festival de Rod\u00edzio do Beco? Pizza + buffet + japa roll + sobremesa&nbsp; De segunda \u00e0 quinta 59,90 Sexta s\u00e1bado e feriado 69,90 De segunda \u00e0 s\u00e1bado das 18:00h \u00e0s 22:30h T\u00e1 esperando o que para conhecer o nosso rod\u00edzio?<\/p>\n","protected":false},"author":1,"featured_media":2358,"parent":0,"menu_order":0,"comment_status":"closed","ping_status":"closed","template":"","meta":{"footnotes":""},"class_list":["post-1535","page","type-page","status-publish","has-post-thumbnail","hentry"],"yoast_head":"<!-- This site is optimized with the Yoast SEO plugin v27.4 - https:\/\/yoast.com\/product\/yoast-seo-wordpress\/ -->\n<title>Rod\u00edzio - Beco do Alem\u00e3o<\/title>\n<meta name=\"robots\" content=\"index, follow, max-snippet:-1, max-image-preview:large, max-video-preview:-1\" \/>\n<meta property=\"og:locale\" content=\"pt_BR\" \/>\n<meta property=\"og:type\" content=\"article\" \/>\n<meta property=\"og:title\" content=\"Rod\u00edzio - Beco do Alem\u00e3o\" \/>\n<meta property=\"og:description\" content=\"J\u00e1 conhece nosso Festival de Rod\u00edzio do Beco? Pizza + buffet + japa roll + sobremesa&nbsp; De segunda \u00e0 quinta 59,90 Sexta s\u00e1bado e feriado 69,90 De segunda \u00e0 s\u00e1bado das 18:00h \u00e0s 22:30h T\u00e1 esperando o que para conhecer o nosso rod\u00edzio?\" \/>\n<meta property=\"og:url\" content=\"https:\/\/becodoalemao.com.br\/?page_id=1535\" \/>\n<meta property=\"og:site_name\" content=\"Beco do Alem\u00e3o\" \/>\n<meta property=\"article:modified_time\" content=\"2026-04-10T19:04:07+00:00\" \/>\n<meta property=\"og:image\" content=\"http:\/\/becodoalemao.com.br\/wp-content\/uploads\/maio-22-53-1-1024x683.jpg\" \/>\n\t<meta property=\"og:image:width\" content=\"1024\" \/>\n\t<meta property=\"og:image:height\" content=\"683\" \/>\n\t<meta property=\"og:image:type\" content=\"image\/jpeg\" \/>\n<meta name=\"twitter:card\" content=\"summary_large_image\" \/>\n<meta name=\"twitter:label1\" content=\"Est. tempo de leitura\" \/>\n\t<meta name=\"twitter:data1\" content=\"2 minutos\" \/>\n<script type=\"application\/ld+json\" class=\"yoast-schema-graph\">{\"@context\":\"https:\\\/\\\/schema.org\",\"@graph\":[{\"@type\":\"WebPage\",\"@id\":\"https:\\\/\\\/becodoalemao.com.br\\\/?page_id=1535\",\"url\":\"https:\\\/\\\/becodoalemao.com.br\\\/?page_id=1535\",\"name\":\"Rod\u00edzio - Beco do Alem\u00e3o\",\"isPartOf\":{\"@id\":\"https:\\\/\\\/becodoalemao.com.br\\\/#website\"},\"primaryImageOfPage\":{\"@id\":\"https:\\\/\\\/becodoalemao.com.br\\\/?page_id=1535#primaryimage\"},\"image\":{\"@id\":\"https:\\\/\\\/becodoalemao.com.br\\\/?page_id=1535#primaryimage\"},\"thumbnailUrl\":\"https:\\\/\\\/becodoalemao.com.br\\\/wp-content\\\/uploads\\\/maio-22-53-1.jpg\",\"datePublished\":\"2023-01-31T18:26:50+00:00\",\"dateModified\":\"2026-04-10T19:04:07+00:00\",\"breadcrumb\":{\"@id\":\"https:\\\/\\\/becodoalemao.com.br\\\/?page_id=1535#breadcrumb\"},\"inLanguage\":\"pt-BR\",\"potentialAction\":[{\"@type\":\"ReadAction\",\"target\":[\"https:\\\/\\\/becodoalemao.com.br\\\/?page_id=1535\"]}]},{\"@type\":\"ImageObject\",\"inLanguage\":\"pt-BR\",\"@id\":\"https:\\\/\\\/becodoalemao.com.br\\\/?page_id=1535#primaryimage\",\"url\":\"https:\\\/\\\/becodoalemao.com.br\\\/wp-content\\\/uploads\\\/maio-22-53-1.jpg\",\"contentUrl\":\"https:\\\/\\\/becodoalemao.com.br\\\/wp-content\\\/uploads\\\/maio-22-53-1.jpg\",\"width\":2048,\"height\":1365},{\"@type\":\"BreadcrumbList\",\"@id\":\"https:\\\/\\\/becodoalemao.com.br\\\/?page_id=1535#breadcrumb\",\"itemListElement\":[{\"@type\":\"ListItem\",\"position\":1,\"name\":\"In\u00edcio\",\"item\":\"https:\\\/\\\/becodoalemao.com.br\\\/\"},{\"@type\":\"ListItem\",\"position\":2,\"name\":\"Rod\u00edzio\"}]},{\"@type\":\"WebSite\",\"@id\":\"https:\\\/\\\/becodoalemao.com.br\\\/#website\",\"url\":\"https:\\\/\\\/becodoalemao.com.br\\\/\",\"name\":\"Beco do Alem\u00e3o\",\"description\":\"Restaurante\",\"publisher\":{\"@id\":\"https:\\\/\\\/becodoalemao.com.br\\\/#organization\"},\"potentialAction\":[{\"@type\":\"SearchAction\",\"target\":{\"@type\":\"EntryPoint\",\"urlTemplate\":\"https:\\\/\\\/becodoalemao.com.br\\\/?s={search_term_string}\"},\"query-input\":{\"@type\":\"PropertyValueSpecification\",\"valueRequired\":true,\"valueName\":\"search_term_string\"}}],\"inLanguage\":\"pt-BR\"},{\"@type\":\"Organization\",\"@id\":\"https:\\\/\\\/becodoalemao.com.br\\\/#organization\",\"name\":\"Beco do Alem\u00e3o\",\"url\":\"https:\\\/\\\/becodoalemao.com.br\\\/\",\"logo\":{\"@type\":\"ImageObject\",\"inLanguage\":\"pt-BR\",\"@id\":\"https:\\\/\\\/becodoalemao.com.br\\\/#\\\/schema\\\/logo\\\/image\\\/\",\"url\":\"https:\\\/\\\/becodoalemao.com.br\\\/wp-content\\\/uploads\\\/cropped-logo-beco-2-editada.png\",\"contentUrl\":\"https:\\\/\\\/becodoalemao.com.br\\\/wp-content\\\/uploads\\\/cropped-logo-beco-2-editada.png\",\"width\":512,\"height\":512,\"caption\":\"Beco do Alem\u00e3o\"},\"image\":{\"@id\":\"https:\\\/\\\/becodoalemao.com.br\\\/#\\\/schema\\\/logo\\\/image\\\/\"}}]}<\/script>\n<!-- \/ Yoast SEO plugin. -->","yoast_head_json":{"title":"Rod\u00edzio - Beco do Alem\u00e3o","robots":{"index":"index","follow":"follow","max-snippet":"max-snippet:-1","max-image-preview":"max-image-preview:large","max-video-preview":"max-video-preview:-1"},"og_locale":"pt_BR","og_type":"article","og_title":"Rod\u00edzio - Beco do Alem\u00e3o","og_description":"J\u00e1 conhece nosso Festival de Rod\u00edzio do Beco? Pizza + buffet + japa roll + sobremesa&nbsp; De segunda \u00e0 quinta 59,90 Sexta s\u00e1bado e feriado 69,90 De segunda \u00e0 s\u00e1bado das 18:00h \u00e0s 22:30h T\u00e1 esperando o que para conhecer o nosso rod\u00edzio?","og_url":"https:\/\/becodoalemao.com.br\/?page_id=1535","og_site_name":"Beco do Alem\u00e3o","article_modified_time":"2026-04-10T19:04:07+00:00","og_image":[{"width":1024,"height":683,"url":"http:\/\/becodoalemao.com.br\/wp-content\/uploads\/maio-22-53-1-1024x683.jpg","type":"image\/jpeg"}],"twitter_card":"summary_large_image","twitter_misc":{"Est. tempo de leitura":"2 minutos"},"schema":{"@context":"https:\/\/schema.org","@graph":[{"@type":"WebPage","@id":"https:\/\/becodoalemao.com.br\/?page_id=1535","url":"https:\/\/becodoalemao.com.br\/?page_id=1535","name":"Rod\u00edzio - Beco do Alem\u00e3o","isPartOf":{"@id":"https:\/\/becodoalemao.com.br\/#website"},"primaryImageOfPage":{"@id":"https:\/\/becodoalemao.com.br\/?page_id=1535#primaryimage"},"image":{"@id":"https:\/\/becodoalemao.com.br\/?page_id=1535#primaryimage"},"thumbnailUrl":"https:\/\/becodoalemao.com.br\/wp-content\/uploads\/maio-22-53-1.jpg","datePublished":"2023-01-31T18:26:50+00:00","dateModified":"2026-04-10T19:04:07+00:00","breadcrumb":{"@id":"https:\/\/becodoalemao.com.br\/?page_id=1535#breadcrumb"},"inLanguage":"pt-BR","potentialAction":[{"@type":"ReadAction","target":["https:\/\/becodoalemao.com.br\/?page_id=1535"]}]},{"@type":"ImageObject","inLanguage":"pt-BR","@id":"https:\/\/becodoalemao.com.br\/?page_id=1535#primaryimage","url":"https:\/\/becodoalemao.com.br\/wp-content\/uploads\/maio-22-53-1.jpg","contentUrl":"https:\/\/becodoalemao.com.br\/wp-content\/uploads\/maio-22-53-1.jpg","width":2048,"height":1365},{"@type":"BreadcrumbList","@id":"https:\/\/becodoalemao.com.br\/?page_id=1535#breadcrumb","itemListElement":[{"@type":"ListItem","position":1,"name":"In\u00edcio","item":"https:\/\/becodoalemao.com.br\/"},{"@type":"ListItem","position":2,"name":"Rod\u00edzio"}]},{"@type":"WebSite","@id":"https:\/\/becodoalemao.com.br\/#website","url":"https:\/\/becodoalemao.com.br\/","name":"Beco do Alem\u00e3o","description":"Restaurante","publisher":{"@id":"https:\/\/becodoalemao.com.br\/#organization"},"potentialAction":[{"@type":"SearchAction","target":{"@type":"EntryPoint","urlTemplate":"https:\/\/becodoalemao.com.br\/?s={search_term_string}"},"query-input":{"@type":"PropertyValueSpecification","valueRequired":true,"valueName":"search_term_string"}}],"inLanguage":"pt-BR"},{"@type":"Organization","@id":"https:\/\/becodoalemao.com.br\/#organization","name":"Beco do Alem\u00e3o","url":"https:\/\/becodoalemao.com.br\/","logo":{"@type":"ImageObject","inLanguage":"pt-BR","@id":"https:\/\/becodoalemao.com.br\/#\/schema\/logo\/image\/","url":"https:\/\/becodoalemao.com.br\/wp-content\/uploads\/cropped-logo-beco-2-editada.png","contentUrl":"https:\/\/becodoalemao.com.br\/wp-content\/uploads\/cropped-logo-beco-2-editada.png","width":512,"height":512,"caption":"Beco do Alem\u00e3o"},"image":{"@id":"https:\/\/becodoalemao.com.br\/#\/schema\/logo\/image\/"}}]}},"_links":{"self":[{"href":"https:\/\/becodoalemao.com.br\/index.php?rest_route=\/wp\/v2\/pages\/1535","targetHints":{"allow":["GET"]}}],"collection":[{"href":"https:\/\/becodoalemao.com.br\/index.php?rest_route=\/wp\/v2\/pages"}],"about":[{"href":"https:\/\/becodoalemao.com.br\/index.php?rest_route=\/wp\/v2\/types\/page"}],"author":[{"embeddable":true,"href":"https:\/\/becodoalemao.com.br\/index.php?rest_route=\/wp\/v2\/users\/1"}],"replies":[{"embeddable":true,"href":"https:\/\/becodoalemao.com.br\/index.php?rest_route=%2Fwp%2Fv2%2Fcomments&post=1535"}],"version-history":[{"count":34,"href":"https:\/\/becodoalemao.com.br\/index.php?rest_route=\/wp\/v2\/pages\/1535\/revisions"}],"predecessor-version":[{"id":2989,"href":"https:\/\/becodoalemao.com.br\/index.php?rest_route=\/wp\/v2\/pages\/1535\/revisions\/2989"}],"wp:featuredmedia":[{"embeddable":true,"href":"https:\/\/becodoalemao.com.br\/index.php?rest_route=\/wp\/v2\/media\/2358"}],"wp:attachment":[{"href":"https:\/\/becodoalemao.com.br\/index.php?rest_route=%2Fwp%2Fv2%2Fmedia&parent=1535"}],"curies":[{"name":"wp","href":"https:\/\/api.w.org\/{rel}","templated":true}]}}