{"id":116,"date":"2014-05-30T14:17:08","date_gmt":"2014-05-30T14:17:08","guid":{"rendered":"http:\/\/pixelgrade.com\/demos\/rosa2\/?page_id=116"},"modified":"2024-07-22T14:28:48","modified_gmt":"2024-07-22T14:28:48","slug":"contato","status":"publish","type":"page","link":"https:\/\/becodoalemao.com.br\/?page_id=116","title":{"rendered":"Contato"},"content":{"rendered":"\t\t<div data-elementor-type=\"wp-page\" data-elementor-id=\"116\" class=\"elementor elementor-116\">\n\t\t\t\t\t\t<section class=\"elementor-section elementor-top-section elementor-element elementor-element-61938ef7 elementor-section-boxed elementor-section-height-default elementor-section-height-default\" data-id=\"61938ef7\" data-element_type=\"section\" data-e-type=\"section\">\n\t\t\t\t\t\t<div class=\"elementor-container elementor-column-gap-default\">\n\t\t\t\t\t<div class=\"elementor-column elementor-col-100 elementor-top-column elementor-element elementor-element-100842bd\" data-id=\"100842bd\" data-element_type=\"column\" data-e-type=\"column\">\n\t\t\t<div class=\"elementor-widget-wrap elementor-element-populated\">\n\t\t\t\t\t\t<div class=\"elementor-element elementor-element-7324fac9 elementor-widget elementor-widget-text-editor\" data-id=\"7324fac9\" data-element_type=\"widget\" data-e-type=\"widget\" data-widget_type=\"text-editor.default\">\n\t\t\t\t<div class=\"elementor-widget-container\">\n\t\t\t\t\t\t\t\t\t<p>Fa\u00e7a seu evento ou reserve para uma comemora\u00e7\u00e3o especial!<\/p>\n<p><div class=\"pixcode  pixcode--grid  grid  \">\n<\/p>\n<p><div class=\"grid__item six-twelfths palm-one-whole \">\n<\/p>\n<h3>Jantar\/Almo\u00e7o &amp; Eventos<\/h3>\n<p>Trabalhamos com reserva de espa\u00e7os em nosso sal\u00e3o e bar para eventos particulares e empresariais.<\/p>\n<p>Oferecemos um menu diferenciado, com op\u00e7\u00f5es variadas. Entre em contato conosco e solicite um or\u00e7amento!<\/p>\n<p>\n<\/div>\n<\/p>\n<p><div class=\"grid__item six-twelfths palm-one-whole \">\n<\/p>\n<h3>Reserve por WhatsApp ou telefone<\/h3>\n<p>Tanto eventos pessoais e corporativos como celebra\u00e7\u00f5es podem ser reservados. Entre em contato: 97252-7744 ou 2493-9326<\/p>\n<p>\n<\/div>\n<\/p>\n<p>\n<\/div>\n<\/p>\n<p><div class=\"pixcode  pixcode--grid  grid  thick-gutter  \">\n<div class=\"grid__item six-twelfths palm-one-whole \">\n<\/p>\n<h3>Entre em contato com a gente!<\/h3>\n<p>O Beco do Alem\u00e3o quer ouvir voc\u00ea! Este espa\u00e7o \u00e9 reservado para voc\u00ea enviar suas d\u00favidas,<br>elogios, cr\u00edticas e sugest\u00f5es.<\/p>\n<h3>Siga-nos!<\/h3>\n<p><\/p>\n<p>\n<\/div>\n<\/p>\n<p><div class=\"grid__item six-twelfths palm-one-whole \">\n<\/p>\n<h3>Envie sugest\u00f5es!<\/h3>\n<p>\n<\/div>\n<br><div class=\"grid__item six-twelfths palm-one-whole \">\n<\/p><table style=\"width: 1662px; clear: both; margin-bottom: 0px; border: none; box-shadow: none; background-image: initial; background-position: initial; background-size: initial; background-repeat: initial; background-attachment: initial; background-origin: initial; background-clip: initial; table-layout: auto; border-radius: 4px; max-width: 100%; color: rgb(60, 67, 74); font-family: -apple-system, BlinkMacSystemFont, &quot;Segoe UI&quot;, Roboto, Oxygen-Sans, Ubuntu, Cantarell, &quot;Helvetica Neue&quot;, sans-serif; font-size: 13px;\"><tbody data-wp-lists=\"list:form\" style=\"overflow-wrap: break-word;\"><tr style=\"overflow-wrap: break-word; background-color: rgb(246, 246, 246);\"><td data-colname=\"Shortcode\" style=\"font-family: inherit; font-weight: inherit; line-height: 1.5em; overflow-wrap: break-word; padding: 8px 10px; vertical-align: top; color: rgb(80, 87, 94); width: 150px;\"><style id=\"wpforms-css-vars-2534\">\n\t\t\t\t#wpforms-2534 {\n\t\t\t\t\n\t\t\t}\n\t\t\t<\/style><div class=\"wpforms-container wpforms-container-full wpforms-render-modern\" id=\"wpforms-2534\"><form id=\"wpforms-form-2534\" class=\"wpforms-validate wpforms-form wpforms-ajax-form\" data-formid=\"2534\" method=\"post\" enctype=\"multipart\/form-data\" action=\"\/index.php?rest_route=%2Fwp%2Fv2%2Fpages%2F116\" data-token=\"ea2ba2684dee5367dc93a2f06d32650c\" data-token-time=\"1776315605\"><noscript class=\"wpforms-error-noscript\">Ative o JavaScript no seu navegador para preencher este formul\u00e1rio.<\/noscript><div id=\"wpforms-error-noscript\" style=\"display: none;\">Ative o JavaScript no seu navegador para preencher este formul\u00e1rio.<\/div><div class=\"wpforms-field-container\"><div id=\"wpforms-2534-field_0-container\" class=\"wpforms-field wpforms-field-name\" data-field-id=\"0\"><label class=\"wpforms-field-label\" for=\"wpforms-2534-field_0\"> Seu nome (obrigat\u00f3rio)  <span class=\"wpforms-required-label\" aria-hidden=\"true\">*<\/span><\/label><input type=\"text\" id=\"wpforms-2534-field_0\" class=\"wpforms-field-medium wpforms-field-required\" name=\"wpforms[fields][0]\" aria-errormessage=\"wpforms-2534-field_0-error\" required><\/div><div id=\"wpforms-2534-field_1-container\" class=\"wpforms-field wpforms-field-email\" data-field-id=\"1\"><label class=\"wpforms-field-label\" for=\"wpforms-2534-field_1\">Seu e-mail (obrigat\u00f3rio) <span class=\"wpforms-required-label\" aria-hidden=\"true\">*<\/span><\/label><input type=\"email\" id=\"wpforms-2534-field_1\" class=\"wpforms-field-medium wpforms-field-required\" name=\"wpforms[fields][1]\" spellcheck=\"false\" aria-errormessage=\"wpforms-2534-field_1-error\" required><\/div><div id=\"wpforms-2534-field_4-container\" class=\"wpforms-field wpforms-field-text\" data-field-id=\"4\"><label class=\"wpforms-field-label\" for=\"wpforms-2534-field_4\">Assunto<\/label><input type=\"text\" id=\"wpforms-2534-field_4\" class=\"wpforms-field-medium\" name=\"wpforms[fields][4]\" aria-errormessage=\"wpforms-2534-field_4-error\" ><\/div><div id=\"wpforms-2534-field_2-container\" class=\"wpforms-field wpforms-field-textarea\" data-field-id=\"2\"><label class=\"wpforms-field-label\" for=\"wpforms-2534-field_2\">Sua mensagem<\/label><textarea id=\"wpforms-2534-field_2\" class=\"wpforms-field-medium\" name=\"wpforms[fields][2]\" aria-errormessage=\"wpforms-2534-field_2-error\" ><\/textarea><\/div><\/div><!-- .wpforms-field-container --><div class=\"wpforms-submit-container\" ><input type=\"hidden\" name=\"wpforms[id]\" value=\"2534\"><input type=\"hidden\" name=\"page_title\" value=\"\"><input type=\"hidden\" name=\"page_url\" value=\"https:\/\/becodoalemao.com.br\/index.php?rest_route=\/wp\/v2\/pages\/116\"><input type=\"hidden\" name=\"url_referer\" value=\"\"><button type=\"submit\" name=\"wpforms[submit]\" id=\"wpforms-submit-2534\" class=\"wpforms-submit\" data-alt-text=\"Enviando\u2026\" data-submit-text=\"Enviar\" aria-live=\"assertive\" value=\"wpforms-submit\">Enviar<\/button><img decoding=\"async\" src=\"https:\/\/becodoalemao.com.br\/wp-content\/plugins\/wpforms-lite\/assets\/images\/submit-spin.svg\" class=\"wpforms-submit-spinner\" style=\"display: none;\" width=\"26\" height=\"26\" alt=\"Carregando\"><\/div><\/form><\/div>  <!-- .wpforms-container --><\/td><\/tr><\/tbody><\/table>\n<p>\n<\/div>\n<br>\n<\/div>\n<\/p>\t\t\t\t\t\t\t\t<\/div>\n\t\t\t\t<\/div>\n\t\t\t\t<div class=\"elementor-element elementor-element-c149136 elementor-shape-circle e-grid-align-left elementor-absolute redesociais elementor-hidden-tablet elementor-hidden-mobile elementor-grid-0 elementor-widget elementor-widget-social-icons\" data-id=\"c149136\" data-element_type=\"widget\" data-e-type=\"widget\" id=\"redessociais\" data-settings=\"{&quot;_position&quot;:&quot;absolute&quot;}\" data-widget_type=\"social-icons.default\">\n\t\t\t\t<div class=\"elementor-widget-container\">\n\t\t\t\t\t\t\t<div class=\"elementor-social-icons-wrapper elementor-grid\" role=\"list\">\n\t\t\t\t\t\t\t<span class=\"elementor-grid-item\" role=\"listitem\">\n\t\t\t\t\t<a class=\"elementor-icon elementor-social-icon elementor-social-icon-facebook elementor-animation-shrink elementor-repeater-item-ab95c46\" href=\"https:\/\/www.facebook.com\/BecodoAlemaoBarra\/\" target=\"_blank\">\n\t\t\t\t\t\t<span class=\"elementor-screen-only\">Facebook<\/span>\n\t\t\t\t\t\t<i aria-hidden=\"true\" class=\"fab fa-facebook\"><\/i>\t\t\t\t\t<\/a>\n\t\t\t\t<\/span>\n\t\t\t\t\t\t\t<span class=\"elementor-grid-item\" role=\"listitem\">\n\t\t\t\t\t<a class=\"elementor-icon elementor-social-icon elementor-social-icon-instagram elementor-animation-shrink elementor-repeater-item-9387054\" href=\"https:\/\/www.instagram.com\/becodoalemao\/\" target=\"_blank\">\n\t\t\t\t\t\t<span class=\"elementor-screen-only\">Instagram<\/span>\n\t\t\t\t\t\t<i aria-hidden=\"true\" class=\"fab fa-instagram\"><\/i>\t\t\t\t\t<\/a>\n\t\t\t\t<\/span>\n\t\t\t\t\t\t\t<span class=\"elementor-grid-item\" role=\"listitem\">\n\t\t\t\t\t<a class=\"elementor-icon elementor-social-icon elementor-social-icon-tiktok elementor-animation-shrink elementor-repeater-item-28eaa4e\" href=\"https:\/\/www.tiktok.com\/@becodoalemao?_t=8ZM5o6uDGIH&#038;_r=1\" target=\"_blank\">\n\t\t\t\t\t\t<span class=\"elementor-screen-only\">Tiktok<\/span>\n\t\t\t\t\t\t<i aria-hidden=\"true\" class=\"fab fa-tiktok\"><\/i>\t\t\t\t\t<\/a>\n\t\t\t\t<\/span>\n\t\t\t\t\t<\/div>\n\t\t\t\t\t\t<\/div>\n\t\t\t\t<\/div>\n\t\t\t\t\t<\/div>\n\t\t<\/div>\n\t\t\t\t\t<\/div>\n\t\t<\/section>\n\t\t\t\t<section class=\"elementor-section elementor-top-section elementor-element elementor-element-6d20812 elementor-section-boxed elementor-section-height-default elementor-section-height-default\" data-id=\"6d20812\" data-element_type=\"section\" data-e-type=\"section\">\n\t\t\t\t\t\t<div class=\"elementor-container elementor-column-gap-default\">\n\t\t\t\t\t<div class=\"elementor-column elementor-col-100 elementor-top-column elementor-element elementor-element-623d52e\" data-id=\"623d52e\" data-element_type=\"column\" data-e-type=\"column\">\n\t\t\t<div class=\"elementor-widget-wrap elementor-element-populated\">\n\t\t\t\t\t\t<div class=\"elementor-element elementor-element-d262b74 elementor-widget elementor-widget-google_maps\" data-id=\"d262b74\" data-element_type=\"widget\" data-e-type=\"widget\" data-widget_type=\"google_maps.default\">\n\t\t\t\t<div class=\"elementor-widget-container\">\n\t\t\t\t\t\t\t<div class=\"elementor-custom-embed\">\n\t\t\t<iframe loading=\"lazy\"\n\t\t\t\t\tsrc=\"https:\/\/maps.google.com\/maps?q=beco%20do%20alem%C3%A3o&#038;t=m&#038;z=13&#038;output=embed&#038;iwloc=near\"\n\t\t\t\t\ttitle=\"beco do alem\u00e3o\"\n\t\t\t\t\taria-label=\"beco do alem\u00e3o\"\n\t\t\t><\/iframe>\n\t\t<\/div>\n\t\t\t\t\t\t<\/div>\n\t\t\t\t<\/div>\n\t\t\t\t\t<\/div>\n\t\t<\/div>\n\t\t\t\t\t<\/div>\n\t\t<\/section>\n\t\t\t\t<\/div>\n\t\t","protected":false},"excerpt":{"rendered":"<p>Fa\u00e7a seu evento ou reserve para uma comemora\u00e7\u00e3o especial! Facebook Instagram Tiktok<\/p>\n","protected":false},"author":1,"featured_media":2355,"parent":0,"menu_order":0,"comment_status":"closed","ping_status":"closed","template":"","meta":{"footnotes":""},"class_list":["post-116","page","type-page","status-publish","has-post-thumbnail","hentry"],"yoast_head":"<!-- This site is optimized with the Yoast SEO plugin v27.4 - https:\/\/yoast.com\/product\/yoast-seo-wordpress\/ -->\n<title>Contato - Beco do Alem\u00e3o<\/title>\n<meta name=\"robots\" content=\"index, follow, max-snippet:-1, max-image-preview:large, max-video-preview:-1\" \/>\n<meta property=\"og:locale\" content=\"pt_BR\" \/>\n<meta property=\"og:type\" content=\"article\" \/>\n<meta property=\"og:title\" content=\"Contato - Beco do Alem\u00e3o\" \/>\n<meta property=\"og:description\" content=\"Fa\u00e7a seu evento ou reserve para uma comemora\u00e7\u00e3o especial! Facebook Instagram Tiktok\" \/>\n<meta property=\"og:url\" content=\"https:\/\/becodoalemao.com.br\/?page_id=116\" \/>\n<meta property=\"og:site_name\" content=\"Beco do Alem\u00e3o\" \/>\n<meta property=\"article:modified_time\" content=\"2024-07-22T14:28:48+00:00\" \/>\n<meta property=\"og:image\" content=\"https:\/\/becodoalemao.com.br\/wp-content\/uploads\/beco-marco-84-1-1024x683.jpg\" \/>\n\t<meta property=\"og:image:width\" content=\"1024\" \/>\n\t<meta property=\"og:image:height\" content=\"683\" \/>\n\t<meta property=\"og:image:type\" content=\"image\/jpeg\" \/>\n<meta name=\"twitter:card\" content=\"summary_large_image\" \/>\n<meta name=\"twitter:label1\" content=\"Est. tempo de leitura\" \/>\n\t<meta name=\"twitter:data1\" content=\"1 minuto\" \/>\n<script type=\"application\/ld+json\" class=\"yoast-schema-graph\">{\"@context\":\"https:\\\/\\\/schema.org\",\"@graph\":[{\"@type\":\"WebPage\",\"@id\":\"https:\\\/\\\/becodoalemao.com.br\\\/?page_id=116\",\"url\":\"https:\\\/\\\/becodoalemao.com.br\\\/?page_id=116\",\"name\":\"Contato - Beco do Alem\u00e3o\",\"isPartOf\":{\"@id\":\"https:\\\/\\\/becodoalemao.com.br\\\/#website\"},\"primaryImageOfPage\":{\"@id\":\"https:\\\/\\\/becodoalemao.com.br\\\/?page_id=116#primaryimage\"},\"image\":{\"@id\":\"https:\\\/\\\/becodoalemao.com.br\\\/?page_id=116#primaryimage\"},\"thumbnailUrl\":\"https:\\\/\\\/becodoalemao.com.br\\\/wp-content\\\/uploads\\\/beco-marco-84-1.jpg\",\"datePublished\":\"2014-05-30T14:17:08+00:00\",\"dateModified\":\"2024-07-22T14:28:48+00:00\",\"breadcrumb\":{\"@id\":\"https:\\\/\\\/becodoalemao.com.br\\\/?page_id=116#breadcrumb\"},\"inLanguage\":\"pt-BR\",\"potentialAction\":[{\"@type\":\"ReadAction\",\"target\":[\"https:\\\/\\\/becodoalemao.com.br\\\/?page_id=116\"]}]},{\"@type\":\"ImageObject\",\"inLanguage\":\"pt-BR\",\"@id\":\"https:\\\/\\\/becodoalemao.com.br\\\/?page_id=116#primaryimage\",\"url\":\"https:\\\/\\\/becodoalemao.com.br\\\/wp-content\\\/uploads\\\/beco-marco-84-1.jpg\",\"contentUrl\":\"https:\\\/\\\/becodoalemao.com.br\\\/wp-content\\\/uploads\\\/beco-marco-84-1.jpg\",\"width\":2048,\"height\":1365},{\"@type\":\"BreadcrumbList\",\"@id\":\"https:\\\/\\\/becodoalemao.com.br\\\/?page_id=116#breadcrumb\",\"itemListElement\":[{\"@type\":\"ListItem\",\"position\":1,\"name\":\"In\u00edcio\",\"item\":\"https:\\\/\\\/becodoalemao.com.br\\\/\"},{\"@type\":\"ListItem\",\"position\":2,\"name\":\"Contato\"}]},{\"@type\":\"WebSite\",\"@id\":\"https:\\\/\\\/becodoalemao.com.br\\\/#website\",\"url\":\"https:\\\/\\\/becodoalemao.com.br\\\/\",\"name\":\"Beco do Alem\u00e3o\",\"description\":\"Restaurante\",\"publisher\":{\"@id\":\"https:\\\/\\\/becodoalemao.com.br\\\/#organization\"},\"potentialAction\":[{\"@type\":\"SearchAction\",\"target\":{\"@type\":\"EntryPoint\",\"urlTemplate\":\"https:\\\/\\\/becodoalemao.com.br\\\/?s={search_term_string}\"},\"query-input\":{\"@type\":\"PropertyValueSpecification\",\"valueRequired\":true,\"valueName\":\"search_term_string\"}}],\"inLanguage\":\"pt-BR\"},{\"@type\":\"Organization\",\"@id\":\"https:\\\/\\\/becodoalemao.com.br\\\/#organization\",\"name\":\"Beco do Alem\u00e3o\",\"url\":\"https:\\\/\\\/becodoalemao.com.br\\\/\",\"logo\":{\"@type\":\"ImageObject\",\"inLanguage\":\"pt-BR\",\"@id\":\"https:\\\/\\\/becodoalemao.com.br\\\/#\\\/schema\\\/logo\\\/image\\\/\",\"url\":\"https:\\\/\\\/becodoalemao.com.br\\\/wp-content\\\/uploads\\\/cropped-logo-beco-2-editada.png\",\"contentUrl\":\"https:\\\/\\\/becodoalemao.com.br\\\/wp-content\\\/uploads\\\/cropped-logo-beco-2-editada.png\",\"width\":512,\"height\":512,\"caption\":\"Beco do Alem\u00e3o\"},\"image\":{\"@id\":\"https:\\\/\\\/becodoalemao.com.br\\\/#\\\/schema\\\/logo\\\/image\\\/\"}}]}<\/script>\n<!-- \/ Yoast SEO plugin. -->","yoast_head_json":{"title":"Contato - Beco do Alem\u00e3o","robots":{"index":"index","follow":"follow","max-snippet":"max-snippet:-1","max-image-preview":"max-image-preview:large","max-video-preview":"max-video-preview:-1"},"og_locale":"pt_BR","og_type":"article","og_title":"Contato - Beco do Alem\u00e3o","og_description":"Fa\u00e7a seu evento ou reserve para uma comemora\u00e7\u00e3o especial! Facebook Instagram Tiktok","og_url":"https:\/\/becodoalemao.com.br\/?page_id=116","og_site_name":"Beco do Alem\u00e3o","article_modified_time":"2024-07-22T14:28:48+00:00","og_image":[{"width":1024,"height":683,"url":"https:\/\/becodoalemao.com.br\/wp-content\/uploads\/beco-marco-84-1-1024x683.jpg","type":"image\/jpeg"}],"twitter_card":"summary_large_image","twitter_misc":{"Est. tempo de leitura":"1 minuto"},"schema":{"@context":"https:\/\/schema.org","@graph":[{"@type":"WebPage","@id":"https:\/\/becodoalemao.com.br\/?page_id=116","url":"https:\/\/becodoalemao.com.br\/?page_id=116","name":"Contato - Beco do Alem\u00e3o","isPartOf":{"@id":"https:\/\/becodoalemao.com.br\/#website"},"primaryImageOfPage":{"@id":"https:\/\/becodoalemao.com.br\/?page_id=116#primaryimage"},"image":{"@id":"https:\/\/becodoalemao.com.br\/?page_id=116#primaryimage"},"thumbnailUrl":"https:\/\/becodoalemao.com.br\/wp-content\/uploads\/beco-marco-84-1.jpg","datePublished":"2014-05-30T14:17:08+00:00","dateModified":"2024-07-22T14:28:48+00:00","breadcrumb":{"@id":"https:\/\/becodoalemao.com.br\/?page_id=116#breadcrumb"},"inLanguage":"pt-BR","potentialAction":[{"@type":"ReadAction","target":["https:\/\/becodoalemao.com.br\/?page_id=116"]}]},{"@type":"ImageObject","inLanguage":"pt-BR","@id":"https:\/\/becodoalemao.com.br\/?page_id=116#primaryimage","url":"https:\/\/becodoalemao.com.br\/wp-content\/uploads\/beco-marco-84-1.jpg","contentUrl":"https:\/\/becodoalemao.com.br\/wp-content\/uploads\/beco-marco-84-1.jpg","width":2048,"height":1365},{"@type":"BreadcrumbList","@id":"https:\/\/becodoalemao.com.br\/?page_id=116#breadcrumb","itemListElement":[{"@type":"ListItem","position":1,"name":"In\u00edcio","item":"https:\/\/becodoalemao.com.br\/"},{"@type":"ListItem","position":2,"name":"Contato"}]},{"@type":"WebSite","@id":"https:\/\/becodoalemao.com.br\/#website","url":"https:\/\/becodoalemao.com.br\/","name":"Beco do Alem\u00e3o","description":"Restaurante","publisher":{"@id":"https:\/\/becodoalemao.com.br\/#organization"},"potentialAction":[{"@type":"SearchAction","target":{"@type":"EntryPoint","urlTemplate":"https:\/\/becodoalemao.com.br\/?s={search_term_string}"},"query-input":{"@type":"PropertyValueSpecification","valueRequired":true,"valueName":"search_term_string"}}],"inLanguage":"pt-BR"},{"@type":"Organization","@id":"https:\/\/becodoalemao.com.br\/#organization","name":"Beco do Alem\u00e3o","url":"https:\/\/becodoalemao.com.br\/","logo":{"@type":"ImageObject","inLanguage":"pt-BR","@id":"https:\/\/becodoalemao.com.br\/#\/schema\/logo\/image\/","url":"https:\/\/becodoalemao.com.br\/wp-content\/uploads\/cropped-logo-beco-2-editada.png","contentUrl":"https:\/\/becodoalemao.com.br\/wp-content\/uploads\/cropped-logo-beco-2-editada.png","width":512,"height":512,"caption":"Beco do Alem\u00e3o"},"image":{"@id":"https:\/\/becodoalemao.com.br\/#\/schema\/logo\/image\/"}}]}},"_links":{"self":[{"href":"https:\/\/becodoalemao.com.br\/index.php?rest_route=\/wp\/v2\/pages\/116","targetHints":{"allow":["GET"]}}],"collection":[{"href":"https:\/\/becodoalemao.com.br\/index.php?rest_route=\/wp\/v2\/pages"}],"about":[{"href":"https:\/\/becodoalemao.com.br\/index.php?rest_route=\/wp\/v2\/types\/page"}],"author":[{"embeddable":true,"href":"https:\/\/becodoalemao.com.br\/index.php?rest_route=\/wp\/v2\/users\/1"}],"replies":[{"embeddable":true,"href":"https:\/\/becodoalemao.com.br\/index.php?rest_route=%2Fwp%2Fv2%2Fcomments&post=116"}],"version-history":[{"count":173,"href":"https:\/\/becodoalemao.com.br\/index.php?rest_route=\/wp\/v2\/pages\/116\/revisions"}],"predecessor-version":[{"id":2716,"href":"https:\/\/becodoalemao.com.br\/index.php?rest_route=\/wp\/v2\/pages\/116\/revisions\/2716"}],"wp:featuredmedia":[{"embeddable":true,"href":"https:\/\/becodoalemao.com.br\/index.php?rest_route=\/wp\/v2\/media\/2355"}],"wp:attachment":[{"href":"https:\/\/becodoalemao.com.br\/index.php?rest_route=%2Fwp%2Fv2%2Fmedia&parent=116"}],"curies":[{"name":"wp","href":"https:\/\/api.w.org\/{rel}","templated":true}]}}