{"id":1083,"date":"2020-10-23T23:17:39","date_gmt":"2020-10-23T23:17:39","guid":{"rendered":"http:\/\/becodoalemao.com.br\/?page_id=1083"},"modified":"2025-09-15T17:07:42","modified_gmt":"2025-09-15T17:07:42","slug":"delivery-2","status":"publish","type":"page","link":"https:\/\/becodoalemao.com.br\/?page_id=1083","title":{"rendered":"Delivery"},"content":{"rendered":"\t\t<div data-elementor-type=\"wp-page\" data-elementor-id=\"1083\" class=\"elementor elementor-1083\">\n\t\t\t\t\t\t<section class=\"elementor-section elementor-top-section elementor-element elementor-element-f2e016a elementor-section-boxed elementor-section-height-default elementor-section-height-default\" data-id=\"f2e016a\" data-element_type=\"section\" data-e-type=\"section\">\n\t\t\t\t\t\t<div class=\"elementor-container elementor-column-gap-default\">\n\t\t\t\t\t<div class=\"elementor-column elementor-col-50 elementor-top-column elementor-element elementor-element-27c1e01\" data-id=\"27c1e01\" data-element_type=\"column\" data-e-type=\"column\">\n\t\t\t<div class=\"elementor-widget-wrap elementor-element-populated\">\n\t\t\t\t\t\t<div class=\"elementor-element elementor-element-46249fd elementor-widget elementor-widget-image-gallery\" data-id=\"46249fd\" data-element_type=\"widget\" data-e-type=\"widget\" data-widget_type=\"image-gallery.default\">\n\t\t\t\t<div class=\"elementor-widget-container\">\n\t\t\t\t\t\t\t<div class=\"elementor-image-gallery\">\n\t\t\t\n\t\t<style type='text\/css'>\n\t\t\t#gallery-0 {\n\t\t\t\tmargin: auto;\n\t\t\t}\n\t\t\t#gallery-0 .gallery-item {\n\t\t\t\tfloat: left;\n\t\t\t\ttext-align: center;\n\t\t\t\twidth: 50%;\n\t\t\t}\n\t\t\t\/* see gallery_shortcode() in wp-includes\/media.php *\/\n\t\t<\/style>\n\t\t<div id='gallery-0' class='gallery galleryid-1083 gallery-columns-2 gallery-size-medium'><figure class='gallery-item'>\n\t\t\t<div class='gallery-icon landscape'>\n\t\t\t\t<a data-elementor-open-lightbox=\"no\" data-title=\"Imagem do WhatsApp de 2025-09-13 \u00e0(s) 19.29.34_3dcccf39\" data-alt=\"\" href='https:\/\/becodoalemao.com.br\/wp-content\/uploads\/imagem-do-whatsapp-de-2025-09-13-as-19.29.34_3dcccf39.jpg'><img fetchpriority=\"high\" decoding=\"async\" width=\"300\" height=\"200\" src=\"https:\/\/becodoalemao.com.br\/wp-content\/uploads\/imagem-do-whatsapp-de-2025-09-13-as-19.29.34_3dcccf39-300x200.jpg\" class=\"attachment-medium size-medium\" alt=\"\" srcset=\"https:\/\/becodoalemao.com.br\/wp-content\/uploads\/imagem-do-whatsapp-de-2025-09-13-as-19.29.34_3dcccf39-300x200.jpg 300w, https:\/\/becodoalemao.com.br\/wp-content\/uploads\/imagem-do-whatsapp-de-2025-09-13-as-19.29.34_3dcccf39-1024x682.jpg 1024w, https:\/\/becodoalemao.com.br\/wp-content\/uploads\/imagem-do-whatsapp-de-2025-09-13-as-19.29.34_3dcccf39-768x512.jpg 768w, https:\/\/becodoalemao.com.br\/wp-content\/uploads\/imagem-do-whatsapp-de-2025-09-13-as-19.29.34_3dcccf39-1536x1023.jpg 1536w, https:\/\/becodoalemao.com.br\/wp-content\/uploads\/imagem-do-whatsapp-de-2025-09-13-as-19.29.34_3dcccf39-1200x800.jpg 1200w, https:\/\/becodoalemao.com.br\/wp-content\/uploads\/imagem-do-whatsapp-de-2025-09-13-as-19.29.34_3dcccf39-900x600.jpg 900w, https:\/\/becodoalemao.com.br\/wp-content\/uploads\/imagem-do-whatsapp-de-2025-09-13-as-19.29.34_3dcccf39-400x267.jpg 400w, https:\/\/becodoalemao.com.br\/wp-content\/uploads\/imagem-do-whatsapp-de-2025-09-13-as-19.29.34_3dcccf39.jpg 1600w\" sizes=\"(max-width: 300px) 100vw, 300px\" \/><\/a>\n\t\t\t<\/div><\/figure><figure class='gallery-item'>\n\t\t\t<div class='gallery-icon landscape'>\n\t\t\t\t<a data-elementor-open-lightbox=\"no\" data-title=\"Imagem do WhatsApp de 2025-09-13 \u00e0(s) 19.29.33_c7b97a14\" data-alt=\"\" href='https:\/\/becodoalemao.com.br\/wp-content\/uploads\/imagem-do-whatsapp-de-2025-09-13-as-19.29.33_c7b97a14.jpg'><img decoding=\"async\" width=\"300\" height=\"200\" src=\"https:\/\/becodoalemao.com.br\/wp-content\/uploads\/imagem-do-whatsapp-de-2025-09-13-as-19.29.33_c7b97a14-300x200.jpg\" class=\"attachment-medium size-medium\" alt=\"\" srcset=\"https:\/\/becodoalemao.com.br\/wp-content\/uploads\/imagem-do-whatsapp-de-2025-09-13-as-19.29.33_c7b97a14-300x200.jpg 300w, https:\/\/becodoalemao.com.br\/wp-content\/uploads\/imagem-do-whatsapp-de-2025-09-13-as-19.29.33_c7b97a14-1024x682.jpg 1024w, https:\/\/becodoalemao.com.br\/wp-content\/uploads\/imagem-do-whatsapp-de-2025-09-13-as-19.29.33_c7b97a14-768x512.jpg 768w, https:\/\/becodoalemao.com.br\/wp-content\/uploads\/imagem-do-whatsapp-de-2025-09-13-as-19.29.33_c7b97a14-1536x1023.jpg 1536w, https:\/\/becodoalemao.com.br\/wp-content\/uploads\/imagem-do-whatsapp-de-2025-09-13-as-19.29.33_c7b97a14-1200x800.jpg 1200w, https:\/\/becodoalemao.com.br\/wp-content\/uploads\/imagem-do-whatsapp-de-2025-09-13-as-19.29.33_c7b97a14-900x600.jpg 900w, https:\/\/becodoalemao.com.br\/wp-content\/uploads\/imagem-do-whatsapp-de-2025-09-13-as-19.29.33_c7b97a14-400x267.jpg 400w, https:\/\/becodoalemao.com.br\/wp-content\/uploads\/imagem-do-whatsapp-de-2025-09-13-as-19.29.33_c7b97a14.jpg 1600w\" sizes=\"(max-width: 300px) 100vw, 300px\" \/><\/a>\n\t\t\t<\/div><\/figure><figure class='gallery-item'>\n\t\t\t<div class='gallery-icon landscape'>\n\t\t\t\t<a data-elementor-open-lightbox=\"no\" data-title=\"newnew\" data-alt=\"\" href='https:\/\/becodoalemao.com.br\/wp-content\/uploads\/newnew.jpg'><img decoding=\"async\" width=\"300\" height=\"199\" src=\"https:\/\/becodoalemao.com.br\/wp-content\/uploads\/newnew-300x199.jpg\" class=\"attachment-medium size-medium\" alt=\"\" srcset=\"https:\/\/becodoalemao.com.br\/wp-content\/uploads\/newnew-300x199.jpg 300w, https:\/\/becodoalemao.com.br\/wp-content\/uploads\/newnew-1024x679.jpg 1024w, https:\/\/becodoalemao.com.br\/wp-content\/uploads\/newnew-768x509.jpg 768w, https:\/\/becodoalemao.com.br\/wp-content\/uploads\/newnew-900x597.jpg 900w, https:\/\/becodoalemao.com.br\/wp-content\/uploads\/newnew-400x265.jpg 400w, https:\/\/becodoalemao.com.br\/wp-content\/uploads\/newnew.jpg 1066w\" sizes=\"(max-width: 300px) 100vw, 300px\" \/><\/a>\n\t\t\t<\/div><\/figure><figure class='gallery-item'>\n\t\t\t<div class='gallery-icon landscape'>\n\t\t\t\t<a data-elementor-open-lightbox=\"no\" data-title=\"Imagem do WhatsApp de 2025-09-13 \u00e0(s) 19.29.33_806f20e1\" data-alt=\"\" href='https:\/\/becodoalemao.com.br\/wp-content\/uploads\/imagem-do-whatsapp-de-2025-09-13-as-19.29.33_806f20e1.jpg'><img loading=\"lazy\" decoding=\"async\" width=\"300\" height=\"200\" src=\"https:\/\/becodoalemao.com.br\/wp-content\/uploads\/imagem-do-whatsapp-de-2025-09-13-as-19.29.33_806f20e1-300x200.jpg\" class=\"attachment-medium size-medium\" alt=\"\" srcset=\"https:\/\/becodoalemao.com.br\/wp-content\/uploads\/imagem-do-whatsapp-de-2025-09-13-as-19.29.33_806f20e1-300x200.jpg 300w, https:\/\/becodoalemao.com.br\/wp-content\/uploads\/imagem-do-whatsapp-de-2025-09-13-as-19.29.33_806f20e1-1024x682.jpg 1024w, https:\/\/becodoalemao.com.br\/wp-content\/uploads\/imagem-do-whatsapp-de-2025-09-13-as-19.29.33_806f20e1-768x512.jpg 768w, https:\/\/becodoalemao.com.br\/wp-content\/uploads\/imagem-do-whatsapp-de-2025-09-13-as-19.29.33_806f20e1-1536x1023.jpg 1536w, https:\/\/becodoalemao.com.br\/wp-content\/uploads\/imagem-do-whatsapp-de-2025-09-13-as-19.29.33_806f20e1-1200x800.jpg 1200w, https:\/\/becodoalemao.com.br\/wp-content\/uploads\/imagem-do-whatsapp-de-2025-09-13-as-19.29.33_806f20e1-900x600.jpg 900w, https:\/\/becodoalemao.com.br\/wp-content\/uploads\/imagem-do-whatsapp-de-2025-09-13-as-19.29.33_806f20e1-400x267.jpg 400w, https:\/\/becodoalemao.com.br\/wp-content\/uploads\/imagem-do-whatsapp-de-2025-09-13-as-19.29.33_806f20e1.jpg 1600w\" sizes=\"(max-width: 300px) 100vw, 300px\" \/><\/a>\n\t\t\t<\/div><\/figure>\n\t\t<\/div>\n\t\t<\/div>\n\t\t\t\t\t\t<\/div>\n\t\t\t\t<\/div>\n\t\t\t\t\t<\/div>\n\t\t<\/div>\n\t\t\t\t<div class=\"elementor-column elementor-col-50 elementor-top-column elementor-element elementor-element-39e94b5\" data-id=\"39e94b5\" data-element_type=\"column\" data-e-type=\"column\">\n\t\t\t<div class=\"elementor-widget-wrap elementor-element-populated\">\n\t\t\t\t\t\t<div class=\"elementor-element elementor-element-12f725e elementor-widget__width-initial elementor-widget elementor-widget-text-editor\" data-id=\"12f725e\" data-element_type=\"widget\" data-e-type=\"widget\" data-widget_type=\"text-editor.default\">\n\t\t\t\t<div class=\"elementor-widget-container\">\n\t\t\t\t\t\t\t\t\t<p>Quer comer nossas delicias sem sair de casa?\u00a0<a href=\"https:\/\/jotaja.com\/?pedido=becodoalemao\" target=\"_blank\" rel=\"noopener\">Clique aqui conhe\u00e7a nosso delivery e fa\u00e7a seu pedido!<\/a> \u00a0ou se preferir ligue para\u00a0 2493-9326 0u\u00a0 97252-7744.<\/p><p>O nosso delivery funciona de segunda a s\u00e1bado de 11:00h \u00e0s 22:00h e domingo de 11:00h \u00e0s 17:00h<\/p>\t\t\t\t\t\t\t\t<\/div>\n\t\t\t\t<\/div>\n\t\t\t\t\t<\/div>\n\t\t<\/div>\n\t\t\t\t\t<\/div>\n\t\t<\/section>\n\t\t\t\t<\/div>\n\t\t","protected":false},"excerpt":{"rendered":"<p>Quer comer nossas delicias sem sair de casa?\u00a0Clique aqui conhe\u00e7a nosso delivery e fa\u00e7a seu pedido! \u00a0ou se preferir ligue para\u00a0 2493-9326 0u\u00a0 97252-7744. O nosso delivery funciona de segunda a s\u00e1bado de 11:00h \u00e0s 22:00h e domingo de 11:00h \u00e0s 17:00h<\/p>\n","protected":false},"author":1,"featured_media":2439,"parent":0,"menu_order":0,"comment_status":"closed","ping_status":"closed","template":"","meta":{"footnotes":""},"class_list":["post-1083","page","type-page","status-publish","has-post-thumbnail","hentry"],"yoast_head":"<!-- This site is optimized with the Yoast SEO plugin v27.4 - https:\/\/yoast.com\/product\/yoast-seo-wordpress\/ -->\n<title>Delivery - Beco do Alem\u00e3o<\/title>\n<meta name=\"robots\" content=\"index, follow, max-snippet:-1, max-image-preview:large, max-video-preview:-1\" \/>\n<meta property=\"og:locale\" content=\"pt_BR\" \/>\n<meta property=\"og:type\" content=\"article\" \/>\n<meta property=\"og:title\" content=\"Delivery - Beco do Alem\u00e3o\" \/>\n<meta property=\"og:description\" content=\"Quer comer nossas delicias sem sair de casa?\u00a0Clique aqui conhe\u00e7a nosso delivery e fa\u00e7a seu pedido! \u00a0ou se preferir ligue para\u00a0 2493-9326 0u\u00a0 97252-7744. O nosso delivery funciona de segunda a s\u00e1bado de 11:00h \u00e0s 22:00h e domingo de 11:00h \u00e0s 17:00h\" \/>\n<meta property=\"og:url\" content=\"https:\/\/becodoalemao.com.br\/?page_id=1083\" \/>\n<meta property=\"og:site_name\" content=\"Beco do Alem\u00e3o\" \/>\n<meta property=\"article:modified_time\" content=\"2025-09-15T17:07:42+00:00\" \/>\n<meta property=\"og:image\" content=\"https:\/\/becodoalemao.com.br\/wp-content\/uploads\/testo-topo-3.jpg\" \/>\n\t<meta property=\"og:image:width\" content=\"2048\" \/>\n\t<meta property=\"og:image:height\" content=\"995\" \/>\n\t<meta property=\"og:image:type\" content=\"image\/jpeg\" \/>\n<meta name=\"twitter:card\" content=\"summary_large_image\" \/>\n<meta name=\"twitter:label1\" content=\"Est. tempo de leitura\" \/>\n\t<meta name=\"twitter:data1\" content=\"2 minutos\" \/>\n<script type=\"application\/ld+json\" class=\"yoast-schema-graph\">{\"@context\":\"https:\\\/\\\/schema.org\",\"@graph\":[{\"@type\":\"WebPage\",\"@id\":\"https:\\\/\\\/becodoalemao.com.br\\\/?page_id=1083\",\"url\":\"https:\\\/\\\/becodoalemao.com.br\\\/?page_id=1083\",\"name\":\"Delivery - Beco do Alem\u00e3o\",\"isPartOf\":{\"@id\":\"https:\\\/\\\/becodoalemao.com.br\\\/#website\"},\"primaryImageOfPage\":{\"@id\":\"https:\\\/\\\/becodoalemao.com.br\\\/?page_id=1083#primaryimage\"},\"image\":{\"@id\":\"https:\\\/\\\/becodoalemao.com.br\\\/?page_id=1083#primaryimage\"},\"thumbnailUrl\":\"https:\\\/\\\/becodoalemao.com.br\\\/wp-content\\\/uploads\\\/testo-topo-3.jpg\",\"datePublished\":\"2020-10-23T23:17:39+00:00\",\"dateModified\":\"2025-09-15T17:07:42+00:00\",\"breadcrumb\":{\"@id\":\"https:\\\/\\\/becodoalemao.com.br\\\/?page_id=1083#breadcrumb\"},\"inLanguage\":\"pt-BR\",\"potentialAction\":[{\"@type\":\"ReadAction\",\"target\":[\"https:\\\/\\\/becodoalemao.com.br\\\/?page_id=1083\"]}]},{\"@type\":\"ImageObject\",\"inLanguage\":\"pt-BR\",\"@id\":\"https:\\\/\\\/becodoalemao.com.br\\\/?page_id=1083#primaryimage\",\"url\":\"https:\\\/\\\/becodoalemao.com.br\\\/wp-content\\\/uploads\\\/testo-topo-3.jpg\",\"contentUrl\":\"https:\\\/\\\/becodoalemao.com.br\\\/wp-content\\\/uploads\\\/testo-topo-3.jpg\",\"width\":2048,\"height\":995},{\"@type\":\"BreadcrumbList\",\"@id\":\"https:\\\/\\\/becodoalemao.com.br\\\/?page_id=1083#breadcrumb\",\"itemListElement\":[{\"@type\":\"ListItem\",\"position\":1,\"name\":\"In\u00edcio\",\"item\":\"https:\\\/\\\/becodoalemao.com.br\\\/\"},{\"@type\":\"ListItem\",\"position\":2,\"name\":\"Delivery\"}]},{\"@type\":\"WebSite\",\"@id\":\"https:\\\/\\\/becodoalemao.com.br\\\/#website\",\"url\":\"https:\\\/\\\/becodoalemao.com.br\\\/\",\"name\":\"Beco do Alem\u00e3o\",\"description\":\"Restaurante\",\"publisher\":{\"@id\":\"https:\\\/\\\/becodoalemao.com.br\\\/#organization\"},\"potentialAction\":[{\"@type\":\"SearchAction\",\"target\":{\"@type\":\"EntryPoint\",\"urlTemplate\":\"https:\\\/\\\/becodoalemao.com.br\\\/?s={search_term_string}\"},\"query-input\":{\"@type\":\"PropertyValueSpecification\",\"valueRequired\":true,\"valueName\":\"search_term_string\"}}],\"inLanguage\":\"pt-BR\"},{\"@type\":\"Organization\",\"@id\":\"https:\\\/\\\/becodoalemao.com.br\\\/#organization\",\"name\":\"Beco do Alem\u00e3o\",\"url\":\"https:\\\/\\\/becodoalemao.com.br\\\/\",\"logo\":{\"@type\":\"ImageObject\",\"inLanguage\":\"pt-BR\",\"@id\":\"https:\\\/\\\/becodoalemao.com.br\\\/#\\\/schema\\\/logo\\\/image\\\/\",\"url\":\"https:\\\/\\\/becodoalemao.com.br\\\/wp-content\\\/uploads\\\/cropped-logo-beco-2-editada.png\",\"contentUrl\":\"https:\\\/\\\/becodoalemao.com.br\\\/wp-content\\\/uploads\\\/cropped-logo-beco-2-editada.png\",\"width\":512,\"height\":512,\"caption\":\"Beco do Alem\u00e3o\"},\"image\":{\"@id\":\"https:\\\/\\\/becodoalemao.com.br\\\/#\\\/schema\\\/logo\\\/image\\\/\"}}]}<\/script>\n<!-- \/ Yoast SEO plugin. -->","yoast_head_json":{"title":"Delivery - Beco do Alem\u00e3o","robots":{"index":"index","follow":"follow","max-snippet":"max-snippet:-1","max-image-preview":"max-image-preview:large","max-video-preview":"max-video-preview:-1"},"og_locale":"pt_BR","og_type":"article","og_title":"Delivery - Beco do Alem\u00e3o","og_description":"Quer comer nossas delicias sem sair de casa?\u00a0Clique aqui conhe\u00e7a nosso delivery e fa\u00e7a seu pedido! \u00a0ou se preferir ligue para\u00a0 2493-9326 0u\u00a0 97252-7744. O nosso delivery funciona de segunda a s\u00e1bado de 11:00h \u00e0s 22:00h e domingo de 11:00h \u00e0s 17:00h","og_url":"https:\/\/becodoalemao.com.br\/?page_id=1083","og_site_name":"Beco do Alem\u00e3o","article_modified_time":"2025-09-15T17:07:42+00:00","og_image":[{"width":2048,"height":995,"url":"https:\/\/becodoalemao.com.br\/wp-content\/uploads\/testo-topo-3.jpg","type":"image\/jpeg"}],"twitter_card":"summary_large_image","twitter_misc":{"Est. tempo de leitura":"2 minutos"},"schema":{"@context":"https:\/\/schema.org","@graph":[{"@type":"WebPage","@id":"https:\/\/becodoalemao.com.br\/?page_id=1083","url":"https:\/\/becodoalemao.com.br\/?page_id=1083","name":"Delivery - Beco do Alem\u00e3o","isPartOf":{"@id":"https:\/\/becodoalemao.com.br\/#website"},"primaryImageOfPage":{"@id":"https:\/\/becodoalemao.com.br\/?page_id=1083#primaryimage"},"image":{"@id":"https:\/\/becodoalemao.com.br\/?page_id=1083#primaryimage"},"thumbnailUrl":"https:\/\/becodoalemao.com.br\/wp-content\/uploads\/testo-topo-3.jpg","datePublished":"2020-10-23T23:17:39+00:00","dateModified":"2025-09-15T17:07:42+00:00","breadcrumb":{"@id":"https:\/\/becodoalemao.com.br\/?page_id=1083#breadcrumb"},"inLanguage":"pt-BR","potentialAction":[{"@type":"ReadAction","target":["https:\/\/becodoalemao.com.br\/?page_id=1083"]}]},{"@type":"ImageObject","inLanguage":"pt-BR","@id":"https:\/\/becodoalemao.com.br\/?page_id=1083#primaryimage","url":"https:\/\/becodoalemao.com.br\/wp-content\/uploads\/testo-topo-3.jpg","contentUrl":"https:\/\/becodoalemao.com.br\/wp-content\/uploads\/testo-topo-3.jpg","width":2048,"height":995},{"@type":"BreadcrumbList","@id":"https:\/\/becodoalemao.com.br\/?page_id=1083#breadcrumb","itemListElement":[{"@type":"ListItem","position":1,"name":"In\u00edcio","item":"https:\/\/becodoalemao.com.br\/"},{"@type":"ListItem","position":2,"name":"Delivery"}]},{"@type":"WebSite","@id":"https:\/\/becodoalemao.com.br\/#website","url":"https:\/\/becodoalemao.com.br\/","name":"Beco do Alem\u00e3o","description":"Restaurante","publisher":{"@id":"https:\/\/becodoalemao.com.br\/#organization"},"potentialAction":[{"@type":"SearchAction","target":{"@type":"EntryPoint","urlTemplate":"https:\/\/becodoalemao.com.br\/?s={search_term_string}"},"query-input":{"@type":"PropertyValueSpecification","valueRequired":true,"valueName":"search_term_string"}}],"inLanguage":"pt-BR"},{"@type":"Organization","@id":"https:\/\/becodoalemao.com.br\/#organization","name":"Beco do Alem\u00e3o","url":"https:\/\/becodoalemao.com.br\/","logo":{"@type":"ImageObject","inLanguage":"pt-BR","@id":"https:\/\/becodoalemao.com.br\/#\/schema\/logo\/image\/","url":"https:\/\/becodoalemao.com.br\/wp-content\/uploads\/cropped-logo-beco-2-editada.png","contentUrl":"https:\/\/becodoalemao.com.br\/wp-content\/uploads\/cropped-logo-beco-2-editada.png","width":512,"height":512,"caption":"Beco do Alem\u00e3o"},"image":{"@id":"https:\/\/becodoalemao.com.br\/#\/schema\/logo\/image\/"}}]}},"_links":{"self":[{"href":"https:\/\/becodoalemao.com.br\/index.php?rest_route=\/wp\/v2\/pages\/1083","targetHints":{"allow":["GET"]}}],"collection":[{"href":"https:\/\/becodoalemao.com.br\/index.php?rest_route=\/wp\/v2\/pages"}],"about":[{"href":"https:\/\/becodoalemao.com.br\/index.php?rest_route=\/wp\/v2\/types\/page"}],"author":[{"embeddable":true,"href":"https:\/\/becodoalemao.com.br\/index.php?rest_route=\/wp\/v2\/users\/1"}],"replies":[{"embeddable":true,"href":"https:\/\/becodoalemao.com.br\/index.php?rest_route=%2Fwp%2Fv2%2Fcomments&post=1083"}],"version-history":[{"count":16,"href":"https:\/\/becodoalemao.com.br\/index.php?rest_route=\/wp\/v2\/pages\/1083\/revisions"}],"predecessor-version":[{"id":2875,"href":"https:\/\/becodoalemao.com.br\/index.php?rest_route=\/wp\/v2\/pages\/1083\/revisions\/2875"}],"wp:featuredmedia":[{"embeddable":true,"href":"https:\/\/becodoalemao.com.br\/index.php?rest_route=\/wp\/v2\/media\/2439"}],"wp:attachment":[{"href":"https:\/\/becodoalemao.com.br\/index.php?rest_route=%2Fwp%2Fv2%2Fmedia&parent=1083"}],"curies":[{"name":"wp","href":"https:\/\/api.w.org\/{rel}","templated":true}]}}